{"id":12,"date":"2021-06-19T22:39:40","date_gmt":"2021-06-20T02:39:40","guid":{"rendered":"https:\/\/projetcommun.org\/?page_id=12"},"modified":"2026-04-02T17:28:18","modified_gmt":"2026-04-02T21:28:18","slug":"projets","status":"publish","type":"page","link":"https:\/\/projetcommun.org\/en\/projets\/","title":{"rendered":"Projets"},"content":{"rendered":"<div style=\"height:25px\" aria-hidden=\"true\" class=\"wp-block-spacer\" data-block-type=\"core\"><\/div>\n\n\n\n<div class=\"wp-block-stackable-divider alignfull stk-block-divider stk-block stk-921a988\" data-block-id=\"921a988\"><style>.stk-921a988 hr.stk-block-divider__hr{background:#000000 !important;height:1px !important;width:100% !important;}<\/style><hr class=\"stk-block-divider__hr\"\/><\/div>\n\n\n\n<div class=\"wp-block-stackable-columns alignfull stk-block-columns stk-block stk-1662701\" data-block-id=\"1662701\"><div class=\"stk-row stk-inner-blocks stk-block-content stk-content-align stk-1662701-column alignfull\">\n<div class=\"wp-block-stackable-column stk-block-column stk-column stk-block stk-d5aaa94\" data-v=\"4\" data-block-id=\"d5aaa94\"><style>@media screen and (min-width: 768px){.stk-d5aaa94 {flex:var(--stk-flex-grow, 1) 1 calc(71.79999999999998% - var(--stk-column-gap, 0px) * 1 \/ 2 ) !important;}}<\/style><div class=\"stk-column-wrapper stk-block-column__content stk-container stk-d5aaa94-container stk--no-background stk--no-padding\"><div class=\"stk-block-content stk-inner-blocks stk-d5aaa94-inner-blocks\">\n<h1 class=\"wp-block-heading tw-mb-0 tw-mt-0\" data-block-type=\"core\">NIDS COMMUNS<\/h1>\n\n\n\n<h2 class=\"wp-block-heading tw-mb-0 tw-mt-0\" data-block-type=\"core\">Projet commun x Les Impatients x Plural<\/h2>\n\n\n\n<h2 class=\"wp-block-heading\" style=\"font-size:27px;letter-spacing:-1px;line-height:1.3\" data-block-type=\"core\"><br><span style=\"color: #000000;\" class=\"stk-highlight\"><strong><em>\u2192<\/em> March 23 to May 28, 2026<\/strong><br>In the Impatients Exhibition Hall<br>5800 Saint-Denis Street (Suite 702), Montreal<br><br><strong><em>\u2192<\/em> April 9\u201312, 2026<\/strong><br>Grand Quay, Port of Montreal<br>As part of the Plural Art Fair<br>200 Commune Street West, Montreal<\/span><\/h2>\n\n\n\n<div style=\"height:40px\" aria-hidden=\"true\" class=\"wp-block-spacer\" data-block-type=\"core\"><\/div>\n\n\n\n<p data-block-type=\"core\"><em><a href=\"https:\/\/projetcommun.org\/en\/nidscommuns\/\" data-type=\"page\" data-id=\"3061\">More details<\/a><\/em><\/p>\n<\/div><\/div><\/div>\n\n\n\n<div class=\"wp-block-stackable-column stk-block-column stk-column stk-block stk-305922a\" data-v=\"4\" data-block-id=\"305922a\"><style>@media screen and (min-width: 768px){.stk-305922a {flex:var(--stk-flex-grow, 1) 1 calc(28.200000000000014% - var(--stk-column-gap, 0px) * 1 \/ 2 ) !important;}}<\/style><div class=\"stk-column-wrapper stk-block-column__content stk-container stk-305922a-container stk--no-background stk--no-padding\"><div class=\"stk-block-content stk-inner-blocks stk-305922a-inner-blocks\">\n<figure class=\"wp-block-image size-full\" data-block-type=\"core\"><a href=\"https:\/\/projetcommun.org\/en\/nidscommuns\/\"><img loading=\"lazy\" decoding=\"async\" width=\"1664\" height=\"2047\" src=\"https:\/\/projetcommun.org\/wp-content\/uploads\/2026\/02\/a1b7afff-6780-4fd8-8c75-c984860c3e1c.jpg\" alt=\"\" class=\"wp-image-3033\" srcset=\"https:\/\/projetcommun.org\/wp-content\/uploads\/2026\/02\/a1b7afff-6780-4fd8-8c75-c984860c3e1c.jpg 1664w, https:\/\/projetcommun.org\/wp-content\/uploads\/2026\/02\/a1b7afff-6780-4fd8-8c75-c984860c3e1c-244x300.jpg 244w, https:\/\/projetcommun.org\/wp-content\/uploads\/2026\/02\/a1b7afff-6780-4fd8-8c75-c984860c3e1c-832x1024.jpg 832w, https:\/\/projetcommun.org\/wp-content\/uploads\/2026\/02\/a1b7afff-6780-4fd8-8c75-c984860c3e1c-768x945.jpg 768w, https:\/\/projetcommun.org\/wp-content\/uploads\/2026\/02\/a1b7afff-6780-4fd8-8c75-c984860c3e1c-1249x1536.jpg 1249w, https:\/\/projetcommun.org\/wp-content\/uploads\/2026\/02\/a1b7afff-6780-4fd8-8c75-c984860c3e1c-10x12.jpg 10w, https:\/\/projetcommun.org\/wp-content\/uploads\/2026\/02\/a1b7afff-6780-4fd8-8c75-c984860c3e1c-1568x1929.jpg 1568w\" sizes=\"auto, (max-width: 1664px) 100vw, 1664px\" \/><\/a><\/figure>\n<\/div><\/div><\/div>\n<\/div><\/div>\n\n\n\n<div class=\"wp-block-stackable-divider alignfull stk-block-divider stk-block stk-71aa39e\" data-block-id=\"71aa39e\"><style>.stk-71aa39e hr.stk-block-divider__hr{background:#000000 !important;height:1px !important;width:100% !important;}<\/style><hr class=\"stk-block-divider__hr\"\/><\/div>\n\n\n\n<div class=\"wp-block-stackable-columns alignfull stk-block-columns stk-block stk-610aa87\" data-block-id=\"610aa87\"><div class=\"stk-row stk-inner-blocks stk-block-content stk-content-align stk-610aa87-column alignfull\">\n<div class=\"wp-block-stackable-column stk-block-column stk-column stk-block stk-1f68c23\" data-v=\"4\" data-block-id=\"1f68c23\"><style>@media screen and (min-width: 768px){.stk-1f68c23 {flex:var(--stk-flex-grow, 1) 1 calc(62.8% - var(--stk-column-gap, 0px) * 1 \/ 2 ) !important;}}<\/style><div class=\"stk-column-wrapper stk-block-column__content stk-container stk-1f68c23-container stk--no-background stk--no-padding\"><div class=\"stk-block-content stk-inner-blocks stk-1f68c23-inner-blocks\">\n<h1 class=\"wp-block-heading tw-mb-0 tw-mt-0\" data-block-type=\"core\">PROJET COMMUN N<sup>o<\/sup> 3<\/h1>\n\n\n\n<h2 class=\"wp-block-heading tw-mb-0 tw-mt-0\" data-block-type=\"core\">From fall 2024<br>Ally Rosilio, curator<br>Samah Saidi, artist<br>Catherine Fillion, public representative<br><br><\/h2>\n\n\n\n<div style=\"height:50px\" aria-hidden=\"true\" class=\"wp-block-spacer\" data-block-type=\"core\"><\/div>\n\n\n\n<p data-block-type=\"core\"><em><a href=\"https:\/\/projetcommun.org\/en\/pc3\/\">More details<\/a><\/em><\/p>\n<\/div><\/div><\/div>\n\n\n\n<div class=\"wp-block-stackable-column stk-block-column stk-column stk-block stk-2329699\" data-v=\"4\" data-block-id=\"2329699\"><style>@media screen and (min-width: 768px){.stk-2329699 {flex:var(--stk-flex-grow, 1) 1 calc(37.2% - var(--stk-column-gap, 0px) * 1 \/ 2 ) !important;}}<\/style><div class=\"stk-column-wrapper stk-block-column__content stk-container stk-2329699-container stk--no-background stk--no-padding\"><div class=\"stk-block-content stk-inner-blocks stk-2329699-inner-blocks\">\n<figure class=\"wp-block-image size-large\" data-block-type=\"core\"><a href=\"https:\/\/projetcommun.org\/en\/pc3\/\"><img loading=\"lazy\" decoding=\"async\" width=\"793\" height=\"1024\" src=\"https:\/\/projetcommun.org\/wp-content\/uploads\/2025\/09\/lettre_mobilier_8-793x1024.jpg\" alt=\"\" class=\"wp-image-2948\" style=\"aspect-ratio:1;object-fit:cover\" srcset=\"https:\/\/projetcommun.org\/wp-content\/uploads\/2025\/09\/lettre_mobilier_8-793x1024.jpg 793w, https:\/\/projetcommun.org\/wp-content\/uploads\/2025\/09\/lettre_mobilier_8-232x300.jpg 232w, https:\/\/projetcommun.org\/wp-content\/uploads\/2025\/09\/lettre_mobilier_8-768x992.jpg 768w, https:\/\/projetcommun.org\/wp-content\/uploads\/2025\/09\/lettre_mobilier_8-1189x1536.jpg 1189w, https:\/\/projetcommun.org\/wp-content\/uploads\/2025\/09\/lettre_mobilier_8-1585x2048.jpg 1585w, https:\/\/projetcommun.org\/wp-content\/uploads\/2025\/09\/lettre_mobilier_8-9x12.jpg 9w, https:\/\/projetcommun.org\/wp-content\/uploads\/2025\/09\/lettre_mobilier_8-1568x2026.jpg 1568w, https:\/\/projetcommun.org\/wp-content\/uploads\/2025\/09\/lettre_mobilier_8-scaled.jpg 1982w\" sizes=\"auto, (max-width: 793px) 100vw, 793px\" \/><\/a><\/figure>\n<\/div><\/div><\/div>\n<\/div><\/div>\n\n\n\n<div class=\"wp-block-stackable-divider alignfull stk-block-divider stk-block stk-488b37b\" data-block-id=\"488b37b\"><style>.stk-488b37b hr.stk-block-divider__hr{background:#000000 !important;height:1px !important;width:100% !important;}<\/style><hr class=\"stk-block-divider__hr\"\/><\/div>\n\n\n\n<div class=\"wp-block-stackable-columns alignfull stk-block-columns stk-block stk-003f2f0\" data-block-id=\"003f2f0\"><div class=\"stk-row stk-inner-blocks stk-block-content stk-content-align stk-003f2f0-column alignfull\">\n<div class=\"wp-block-stackable-column stk-block-column stk-column stk-block stk-96b3bb7\" data-v=\"4\" data-block-id=\"96b3bb7\"><style>@media screen and (min-width: 768px){.stk-96b3bb7 {flex:var(--stk-flex-grow, 1) 1 calc(62.8% - var(--stk-column-gap, 0px) * 1 \/ 2 ) !important;}}<\/style><div class=\"stk-column-wrapper stk-block-column__content stk-container stk-96b3bb7-container stk--no-background stk--no-padding\"><div class=\"stk-block-content stk-inner-blocks stk-96b3bb7-inner-blocks\">\n<h1 class=\"wp-block-heading tw-mb-0 tw-mt-0\" data-block-type=\"core\">ONE-OFF PROJECT<\/h1>\n\n\n\n<h2 class=\"wp-block-heading tw-mb-0 tw-mt-0\" data-block-type=\"core\">Participation at the 2025 edition of the Plural Art Fair<br>Camille Lescarbeau, represented artist <br>Orise Jacques-Durocher, represented artist<br>Anne-Sophie Evoy, public representative<br><\/h2>\n\n\n\n<div style=\"height:50px\" aria-hidden=\"true\" class=\"wp-block-spacer\" data-block-type=\"core\"><\/div>\n\n\n\n<p data-block-type=\"core\"><em><a href=\"https:\/\/projetcommun.org\/en\/foireplural2025\/\">More details<\/a><\/em><\/p>\n\n\n\n<div style=\"height:55px\" aria-hidden=\"true\" class=\"wp-block-spacer\" data-block-type=\"core\"><\/div>\n<\/div><\/div><\/div>\n\n\n\n<div class=\"wp-block-stackable-column stk-block-column stk-column stk-block stk-b9560f1\" data-v=\"4\" data-block-id=\"b9560f1\"><style>@media screen and (min-width: 768px){.stk-b9560f1 {flex:var(--stk-flex-grow, 1) 1 calc(37.2% - var(--stk-column-gap, 0px) * 1 \/ 2 ) !important;}}<\/style><div class=\"stk-column-wrapper stk-block-column__content stk-container stk-b9560f1-container stk--no-background stk--no-padding\"><div class=\"stk-block-content stk-inner-blocks stk-b9560f1-inner-blocks\"><div class=\"wp-block-image\">\n<figure class=\"alignright size-large is-resized\" data-block-type=\"core\"><a href=\"https:\/\/projetcommun.org\/en\/foireplural2025\/\"><img loading=\"lazy\" decoding=\"async\" width=\"1024\" height=\"1024\" src=\"https:\/\/projetcommun.org\/wp-content\/uploads\/2025\/02\/470471485_18482593618039757_182509422742781368_n-1024x1024.jpg\" alt=\"\" class=\"wp-image-2735\" style=\"width:400px\" srcset=\"https:\/\/projetcommun.org\/wp-content\/uploads\/2025\/02\/470471485_18482593618039757_182509422742781368_n-1024x1024.jpg 1024w, https:\/\/projetcommun.org\/wp-content\/uploads\/2025\/02\/470471485_18482593618039757_182509422742781368_n-300x300.jpg 300w, https:\/\/projetcommun.org\/wp-content\/uploads\/2025\/02\/470471485_18482593618039757_182509422742781368_n-150x150.jpg 150w, https:\/\/projetcommun.org\/wp-content\/uploads\/2025\/02\/470471485_18482593618039757_182509422742781368_n-768x768.jpg 768w, https:\/\/projetcommun.org\/wp-content\/uploads\/2025\/02\/470471485_18482593618039757_182509422742781368_n-12x12.jpg 12w, https:\/\/projetcommun.org\/wp-content\/uploads\/2025\/02\/470471485_18482593618039757_182509422742781368_n.jpg 1080w\" sizes=\"auto, (max-width: 1024px) 100vw, 1024px\" \/><\/a><\/figure>\n<\/div><\/div><\/div><\/div>\n<\/div><\/div>\n\n\n\n<div class=\"wp-block-stackable-divider alignfull stk-block-divider stk-block stk-a697aed\" data-block-id=\"a697aed\"><style>.stk-a697aed hr.stk-block-divider__hr{background:#000000 !important;height:1px !important;width:100% !important;}<\/style><hr class=\"stk-block-divider__hr\"\/><\/div>\n\n\n\n<div class=\"wp-block-stackable-columns alignfull stk-block-columns stk-block stk-6320cd4\" data-block-id=\"6320cd4\"><div class=\"stk-row stk-inner-blocks stk-block-content stk-content-align stk-6320cd4-column alignfull\">\n<div class=\"wp-block-stackable-column stk-block-column stk-column stk-block stk-a3ac8e8\" data-v=\"4\" data-block-id=\"a3ac8e8\"><style>@media screen and (min-width: 768px){.stk-a3ac8e8 {flex:var(--stk-flex-grow, 1) 1 calc(62.8% - var(--stk-column-gap, 0px) * 1 \/ 2 ) !important;}}<\/style><div class=\"stk-column-wrapper stk-block-column__content stk-container stk-a3ac8e8-container stk--no-background stk--no-padding\"><div class=\"stk-block-content stk-inner-blocks stk-a3ac8e8-inner-blocks\">\n<h1 class=\"wp-block-heading tw-mb-0 tw-mt-0\" data-block-type=\"core\">ONE-OFF PROJECT<\/h1>\n\n\n\n<h2 class=\"wp-block-heading tw-mb-0 tw-mt-0\" data-block-type=\"core\">Participation at the 2024 edition of the Plural Art Fair<br>Charlotte Guirestante Ghomeshi, artiste repr\u00e9sent\u00e9e <br>Orise Jacques-Durocher, represented artist<br>Alexane Ferland, public representative<br><\/h2>\n\n\n\n<div style=\"height:50px\" aria-hidden=\"true\" class=\"wp-block-spacer\" data-block-type=\"core\"><\/div>\n\n\n\n<p data-block-type=\"core\"><em><a href=\"https:\/\/projetcommun.org\/en\/foireplural2024\/\">More details<\/a><\/em><\/p>\n\n\n\n<div style=\"height:55px\" aria-hidden=\"true\" class=\"wp-block-spacer\" data-block-type=\"core\"><\/div>\n<\/div><\/div><\/div>\n\n\n\n<div class=\"wp-block-stackable-column stk-block-column stk-column stk-block stk-6065ae4\" data-v=\"4\" data-block-id=\"6065ae4\"><style>@media screen and (min-width: 768px){.stk-6065ae4 {flex:var(--stk-flex-grow, 1) 1 calc(37.2% - var(--stk-column-gap, 0px) * 1 \/ 2 ) !important;}}<\/style><div class=\"stk-column-wrapper stk-block-column__content stk-container stk-6065ae4-container stk--no-background stk--no-padding\"><div class=\"stk-block-content stk-inner-blocks stk-6065ae4-inner-blocks\"><div class=\"wp-block-image\">\n<figure class=\"alignright size-large is-resized\" data-block-type=\"core\"><a href=\"https:\/\/projetcommun.org\/en\/foireplural2024\/\"><img loading=\"lazy\" decoding=\"async\" width=\"1024\" height=\"1024\" src=\"https:\/\/projetcommun.org\/wp-content\/uploads\/2024\/03\/428654624_18422241994039757_3214993447369210699_n-1024x1024.jpeg\" alt=\"\" class=\"wp-image-2571\" style=\"width:400px\" srcset=\"https:\/\/projetcommun.org\/wp-content\/uploads\/2024\/03\/428654624_18422241994039757_3214993447369210699_n-1024x1024.jpeg 1024w, https:\/\/projetcommun.org\/wp-content\/uploads\/2024\/03\/428654624_18422241994039757_3214993447369210699_n-300x300.jpeg 300w, https:\/\/projetcommun.org\/wp-content\/uploads\/2024\/03\/428654624_18422241994039757_3214993447369210699_n-150x150.jpeg 150w, https:\/\/projetcommun.org\/wp-content\/uploads\/2024\/03\/428654624_18422241994039757_3214993447369210699_n-768x768.jpeg 768w, https:\/\/projetcommun.org\/wp-content\/uploads\/2024\/03\/428654624_18422241994039757_3214993447369210699_n-12x12.jpeg 12w, https:\/\/projetcommun.org\/wp-content\/uploads\/2024\/03\/428654624_18422241994039757_3214993447369210699_n.jpeg 1080w\" sizes=\"auto, (max-width: 1024px) 100vw, 1024px\" \/><\/a><\/figure>\n<\/div><\/div><\/div><\/div>\n<\/div><\/div>\n\n\n\n<div class=\"wp-block-stackable-divider alignfull stk-block-divider stk-block stk-36567a5\" data-block-id=\"36567a5\"><style>.stk-36567a5 hr.stk-block-divider__hr{background:#000000 !important;height:1px !important;width:100% !important;}<\/style><hr class=\"stk-block-divider__hr\"\/><\/div>\n\n\n\n<div class=\"wp-block-stackable-columns alignfull stk-block-columns stk-block stk-5397d22\" data-block-id=\"5397d22\"><div class=\"stk-row stk-inner-blocks stk-block-content stk-content-align stk-5397d22-column alignfull\">\n<div class=\"wp-block-stackable-column stk-block-column stk-column stk-block stk-52dede3\" data-v=\"4\" data-block-id=\"52dede3\"><style>@media screen and (min-width: 768px){.stk-52dede3 {flex:var(--stk-flex-grow, 1) 1 calc(62.8% - var(--stk-column-gap, 0px) * 1 \/ 2 ) !important;}}<\/style><div class=\"stk-column-wrapper stk-block-column__content stk-container stk-52dede3-container stk--no-background stk--no-padding\"><div class=\"stk-block-content stk-inner-blocks stk-52dede3-inner-blocks\">\n<h1 class=\"wp-block-heading tw-mb-0 tw-mt-0\" data-block-type=\"core\">PROJET COMMUN N<sup>o<\/sup> 2<\/h1>\n\n\n\n<h2 class=\"wp-block-heading tw-mb-0 tw-mt-0\" data-block-type=\"core\">Winter to Summer 2023<br>Jos\u00e9phine Rivard, curator<br>Charlotte Ghomeshi, artist<br>Students from \u00c9cole Le Vitrail, public representatives<br>Parc Offsite, dissemination partner <\/h2>\n\n\n\n<div style=\"height:55px\" aria-hidden=\"true\" class=\"wp-block-spacer\" data-block-type=\"core\"><\/div>\n\n\n\n<p data-block-type=\"core\"><em><a href=\"https:\/\/projetcommun.org\/en\/pc2\/\">More details<\/a><\/em><\/p>\n<\/div><\/div><\/div>\n\n\n\n<div class=\"wp-block-stackable-column stk-block-column stk-column stk-block stk-5fe0e64\" data-v=\"4\" data-block-id=\"5fe0e64\"><style>@media screen and (min-width: 768px){.stk-5fe0e64 {flex:var(--stk-flex-grow, 1) 1 calc(37.2% - var(--stk-column-gap, 0px) * 1 \/ 2 ) !important;}}<\/style><div class=\"stk-column-wrapper stk-block-column__content stk-container stk-5fe0e64-container stk--no-background stk--no-padding\"><div class=\"stk-block-content stk-inner-blocks stk-5fe0e64-inner-blocks\"><div class=\"wp-block-image is-resized\">\n<figure class=\"alignright size-full\" data-block-type=\"core\"><a href=\"https:\/\/projetcommun.org\/en\/pc2\/\"><img loading=\"lazy\" decoding=\"async\" width=\"1125\" height=\"895\" src=\"https:\/\/projetcommun.org\/wp-content\/uploads\/2023\/05\/IMG_6779.jpg\" alt=\"\" class=\"wp-image-2258\" style=\"object-fit:cover\" srcset=\"https:\/\/projetcommun.org\/wp-content\/uploads\/2023\/05\/IMG_6779.jpg 1125w, https:\/\/projetcommun.org\/wp-content\/uploads\/2023\/05\/IMG_6779-300x239.jpg 300w, https:\/\/projetcommun.org\/wp-content\/uploads\/2023\/05\/IMG_6779-1024x815.jpg 1024w, https:\/\/projetcommun.org\/wp-content\/uploads\/2023\/05\/IMG_6779-768x611.jpg 768w, https:\/\/projetcommun.org\/wp-content\/uploads\/2023\/05\/IMG_6779-15x12.jpg 15w\" sizes=\"auto, (max-width: 1125px) 100vw, 1125px\" \/><\/a><\/figure>\n<\/div><\/div><\/div><\/div>\n<\/div><\/div>\n\n\n\n<div class=\"wp-block-stackable-divider alignfull stk-block-divider stk-block stk-406540a\" data-block-id=\"406540a\"><style>.stk-406540a hr.stk-block-divider__hr{background:#000000 !important;height:1px !important;width:100% !important;}<\/style><hr class=\"stk-block-divider__hr\"\/><\/div>\n\n\n\n<div class=\"wp-block-stackable-divider alignfull stk-block-divider stk-block stk-fed9e3c is-style-dots\" data-block-id=\"fed9e3c\"><style>.stk-fed9e3c .stk-block-divider__dot{background:#000000 !important;width:1px !important;height:1px !important;}.stk-fed9e3c .stk-block-divider__dots{width:100% !important;}.stk-fed9e3c {margin-bottom:23px !important;}<\/style><div class=\"stk-block-divider__dots\" aria-hidden=\"true\"><div class=\"stk-block-divider__dot\"><\/div><div class=\"stk-block-divider__dot\"><\/div><div class=\"stk-block-divider__dot\"><\/div><\/div><\/div>\n\n\n\n<div class=\"wp-block-stackable-columns alignfull stk-block-columns stk-block stk-9ba7690\" data-block-id=\"9ba7690\"><div class=\"stk-row stk-inner-blocks stk-block-content stk-content-align stk-9ba7690-column alignfull\">\n<div class=\"wp-block-stackable-column stk-block-column stk-column stk-block stk-325c390\" data-v=\"4\" data-block-id=\"325c390\"><div class=\"stk-column-wrapper stk-block-column__content stk-container stk-325c390-container stk--no-background stk--no-padding\"><div class=\"stk-block-content stk-inner-blocks stk-325c390-inner-blocks\">\n<h1 class=\"wp-block-heading tw-mb-0 tw-mt-0\" data-block-type=\"core\">PROJET COMMUN N<sup>o<\/sup> 1<\/h1>\n\n\n\n<h2 class=\"wp-block-heading tw-mb-0 tw-mt-0 translation-block\" data-block-type=\"core\">Summer and fall 2022<br>Hanna Ze\u00efda, curator<br>Orise Jacques-Durocher, artist<br>Yanni Khennache, publics representative<\/span><br>Produit Rien, dissemination partner<\/h2>\n\n\n\n<div style=\"height:55px\" aria-hidden=\"true\" class=\"wp-block-spacer\" data-block-type=\"core\"><\/div>\n\n\n\n<p data-block-type=\"core\"><em><a href=\"https:\/\/projetcommun.org\/en\/pc1\/\">More details<\/a><\/em><\/p>\n<\/div><\/div><\/div>\n\n\n\n<div class=\"wp-block-stackable-column stk-block-column stk-column stk-block stk-9c7be74\" data-v=\"4\" data-block-id=\"9c7be74\"><div class=\"stk-column-wrapper stk-block-column__content stk-container stk-9c7be74-container stk--no-background stk--no-padding\"><div class=\"stk-block-content stk-inner-blocks stk-9c7be74-inner-blocks\"><div class=\"wp-block-image is-resized\">\n<figure class=\"alignright size-full\" data-block-type=\"core\"><a href=\"https:\/\/projetcommun.org\/en\/pc1\/\"><img loading=\"lazy\" decoding=\"async\" width=\"639\" height=\"638\" src=\"https:\/\/projetcommun.org\/wp-content\/uploads\/2022\/08\/2022-08-08-16.19.35-copie.jpg\" alt=\"\" class=\"wp-image-1927\" style=\"width:400px\" srcset=\"https:\/\/projetcommun.org\/wp-content\/uploads\/2022\/08\/2022-08-08-16.19.35-copie.jpg 639w, https:\/\/projetcommun.org\/wp-content\/uploads\/2022\/08\/2022-08-08-16.19.35-copie-300x300.jpg 300w, https:\/\/projetcommun.org\/wp-content\/uploads\/2022\/08\/2022-08-08-16.19.35-copie-150x150.jpg 150w\" sizes=\"auto, (max-width: 639px) 100vw, 639px\" \/><\/a><\/figure>\n<\/div><\/div><\/div><\/div>\n<\/div><\/div>\n\n\n\n<div class=\"wp-block-stackable-divider alignfull stk-block-divider stk-block stk-6eab492\" data-block-id=\"6eab492\"><style>.stk-6eab492 hr.stk-block-divider__hr{background:#000000 !important;height:1px !important;width:100% !important;}<\/style><hr class=\"stk-block-divider__hr\"\/><\/div>","protected":false},"excerpt":{"rendered":"<p>NIDS COMMUNS Projet commun x Les Impatients x Plural \u2192 23 mars au 28 mai 2026Dans la salle d\u2019exposition des Impatients5800, rue Saint-Denis (local 702), Montr\u00e9al \u2192 9 au 12 avril 2026Au Grand Quai du Port de Montr\u00e9alDans le cadre de la Foire Plural200, rue de la Commune O., Montr\u00e9al Plus de d\u00e9tails PROJET COMMUN&hellip; <a class=\"more-link\" href=\"https:\/\/projetcommun.org\/en\/projets\/\">Continue reading <span class=\"screen-reader-text\">Projets<\/span><\/a><\/p>","protected":false},"author":2,"featured_media":0,"parent":0,"menu_order":0,"comment_status":"closed","ping_status":"closed","template":"tw-no-title.php","meta":{"footnotes":""},"class_list":["post-12","page","type-page","status-publish","hentry","entry"],"featured_image_urls_v2":{"full":"","thumbnail":"","medium":"","medium_large":"","large":"","1536x1536":"","2048x2048":"","trp-custom-language-flag":"","post-thumbnail":""},"post_excerpt_stackable_v2":"<p>NIDS COMMUNS Projet commun x Les Impatients x Plural \u2192 23 mars au 28 mai 2026Dans la salle d\u2019exposition des Impatients5800, rue Saint-Denis (local 702), Montr\u00e9al\u2192 9 au 12 avril 2026Au Grand Quai du Port de Montr\u00e9alDans le cadre de la Foire Plural200, rue de la Commune O., Montr\u00e9al Plus de d\u00e9tails PROJET COMMUN No 3 \u00c0 partir de l&rsquo;automne 2024Ally Rosilio, commissaireSamah Saidi, artisteCatherine Fillion, repr\u00e9sentante des publics Plus de d\u00e9tails PROJET PONCTUEL Participation \u00e0 l&rsquo;\u00e9dition 2025 de la Foire PluralCamille Lescarbeau, artiste repr\u00e9sent\u00e9e Orise Jacques-Durocher, artiste repr\u00e9sent\u00e9eAnne-Sophie Evoy, repr\u00e9sentante des publics Plus de d\u00e9tails PROJET PONCTUEL Participation \u00e0&hellip;<\/p>\n","category_list_v2":"","author_info_v2":{"name":"Sarah Turcotte","url":"https:\/\/projetcommun.org\/en\/author\/projetcommun\/"},"comments_num_v2":"0 comments","_links":{"self":[{"href":"https:\/\/projetcommun.org\/en\/wp-json\/wp\/v2\/pages\/12","targetHints":{"allow":["GET"]}}],"collection":[{"href":"https:\/\/projetcommun.org\/en\/wp-json\/wp\/v2\/pages"}],"about":[{"href":"https:\/\/projetcommun.org\/en\/wp-json\/wp\/v2\/types\/page"}],"author":[{"embeddable":true,"href":"https:\/\/projetcommun.org\/en\/wp-json\/wp\/v2\/users\/2"}],"replies":[{"embeddable":true,"href":"https:\/\/projetcommun.org\/en\/wp-json\/wp\/v2\/comments?post=12"}],"version-history":[{"count":74,"href":"https:\/\/projetcommun.org\/en\/wp-json\/wp\/v2\/pages\/12\/revisions"}],"predecessor-version":[{"id":3193,"href":"https:\/\/projetcommun.org\/en\/wp-json\/wp\/v2\/pages\/12\/revisions\/3193"}],"wp:attachment":[{"href":"https:\/\/projetcommun.org\/en\/wp-json\/wp\/v2\/media?parent=12"}],"curies":[{"name":"wp","href":"https:\/\/api.w.org\/{rel}","templated":true}]}}