{"id":13,"date":"2021-06-19T22:39:41","date_gmt":"2021-06-19T22:39:41","guid":{"rendered":"https:\/\/projetcommun.org\/?page_id=13"},"modified":"2024-08-05T14:36:16","modified_gmt":"2024-08-05T18:36:16","slug":"contact","status":"publish","type":"page","link":"https:\/\/projetcommun.org\/en\/contact\/","title":{"rendered":"Contact"},"content":{"rendered":"<div class=\"wp-block-stackable-divider alignfull stk-block-divider stk-block stk-9e63ecb\" data-block-id=\"9e63ecb\"><style>.stk-9e63ecb hr.stk-block-divider__hr{background:#FFFFFF !important;height:1px !important;width:100% !important}<\/style><hr class=\"stk-block-divider__hr\"\/><\/div>\n\n\n\n<div class=\"wp-block-stackable-columns alignfull stk-block-columns stk-block stk-6783662\" data-block-id=\"6783662\"><div class=\"stk-row stk-inner-blocks stk-block-content stk-content-align stk-6783662-column alignfull\">\n<div class=\"wp-block-stackable-column stk-block-column stk-column stk-block stk-051e615\" data-v=\"4\" data-block-id=\"051e615\"><div class=\"stk-column-wrapper stk-block-column__content stk-container stk-051e615-container stk--no-background stk--no-padding\"><div class=\"stk-block-content stk-inner-blocks stk-051e615-inner-blocks\">\n<h1 class=\"wp-block-heading tw-mt-10\" data-block-type=\"core\">TO CONTACT US<\/h1>\n<\/div><\/div><\/div>\n<\/div><\/div>\n\n\n\n<div class=\"wp-block-columns alignfull is-not-stacked-on-mobile tw-mt-0 is-style-default tw-gutter-no is-layout-flex wp-container-core-columns-is-layout-d0b3c9c8 wp-block-columns-is-layout-flex\" data-block-type=\"core\">\n<div class=\"wp-block-column is-layout-flow wp-block-column-is-layout-flow\" data-block-type=\"core\">\n<h2 class=\"wp-block-heading\" id=\"pour-nous-joindre\" style=\"line-height:2;text-transform:lowercase\" data-block-type=\"core\">info@projetcommun.org<\/h2>\n<\/div>\n<\/div>\n\n\n\n<div class=\"wp-block-columns alignfull is-style-default tw-gutter-no is-layout-flex wp-container-core-columns-is-layout-d0b3c9c8 wp-block-columns-is-layout-flex\" data-block-type=\"core\">\n<div class=\"wp-block-column is-layout-flow wp-block-column-is-layout-flow\" data-block-type=\"core\">\n<ul class=\"wp-block-social-links has-normal-icon-size has-visible-labels has-icon-color is-style-logos-only tw-hover-opacity is-layout-flex wp-block-social-links-is-layout-flex\" data-block-type=\"core\"><li style=\"color:#000000;\" class=\"wp-social-link wp-social-link-facebook has-black-color wp-block-social-link\" data-block-type=\"core\"><a rel=\"noopener nofollow\" target=\"_blank\" href=\"https:\/\/www.facebook.com\/projetcommunorganismeculturel\" class=\"wp-block-social-link-anchor\"><svg width=\"24\" height=\"24\" viewbox=\"0 0 24 24\" version=\"1.1\" xmlns=\"http:\/\/www.w3.org\/2000\/svg\" aria-hidden=\"true\" focusable=\"false\"><path d=\"M12 2C6.5 2 2 6.5 2 12c0 5 3.7 9.1 8.4 9.9v-7H7.9V12h2.5V9.8c0-2.5 1.5-3.9 3.8-3.9 1.1 0 2.2.2 2.2.2v2.5h-1.3c-1.2 0-1.6.8-1.6 1.6V12h2.8l-.4 2.9h-2.3v7C18.3 21.1 22 17 22 12c0-5.5-4.5-10-10-10z\"><\/path><\/svg><span class=\"wp-block-social-link-label\">Facebook<\/span><\/a><\/li>\n\n<li style=\"color:#000000;\" class=\"wp-social-link wp-social-link-instagram has-black-color wp-block-social-link\" data-block-type=\"core\"><a rel=\"noopener nofollow\" target=\"_blank\" href=\"https:\/\/www.instagram.com\/projet.commun\" class=\"wp-block-social-link-anchor\"><svg width=\"24\" height=\"24\" viewbox=\"0 0 24 24\" version=\"1.1\" xmlns=\"http:\/\/www.w3.org\/2000\/svg\" aria-hidden=\"true\" focusable=\"false\"><path d=\"M12,4.622c2.403,0,2.688,0.009,3.637,0.052c0.877,0.04,1.354,0.187,1.671,0.31c0.42,0.163,0.72,0.358,1.035,0.673 c0.315,0.315,0.51,0.615,0.673,1.035c0.123,0.317,0.27,0.794,0.31,1.671c0.043,0.949,0.052,1.234,0.052,3.637 s-0.009,2.688-0.052,3.637c-0.04,0.877-0.187,1.354-0.31,1.671c-0.163,0.42-0.358,0.72-0.673,1.035 c-0.315,0.315-0.615,0.51-1.035,0.673c-0.317,0.123-0.794,0.27-1.671,0.31c-0.949,0.043-1.233,0.052-3.637,0.052 s-2.688-0.009-3.637-0.052c-0.877-0.04-1.354-0.187-1.671-0.31c-0.42-0.163-0.72-0.358-1.035-0.673 c-0.315-0.315-0.51-0.615-0.673-1.035c-0.123-0.317-0.27-0.794-0.31-1.671C4.631,14.688,4.622,14.403,4.622,12 s0.009-2.688,0.052-3.637c0.04-0.877,0.187-1.354,0.31-1.671c0.163-0.42,0.358-0.72,0.673-1.035 c0.315-0.315,0.615-0.51,1.035-0.673c0.317-0.123,0.794-0.27,1.671-0.31C9.312,4.631,9.597,4.622,12,4.622 M12,3 C9.556,3,9.249,3.01,8.289,3.054C7.331,3.098,6.677,3.25,6.105,3.472C5.513,3.702,5.011,4.01,4.511,4.511 c-0.5,0.5-0.808,1.002-1.038,1.594C3.25,6.677,3.098,7.331,3.054,8.289C3.01,9.249,3,9.556,3,12c0,2.444,0.01,2.751,0.054,3.711 c0.044,0.958,0.196,1.612,0.418,2.185c0.23,0.592,0.538,1.094,1.038,1.594c0.5,0.5,1.002,0.808,1.594,1.038 c0.572,0.222,1.227,0.375,2.185,0.418C9.249,20.99,9.556,21,12,21s2.751-0.01,3.711-0.054c0.958-0.044,1.612-0.196,2.185-0.418 c0.592-0.23,1.094-0.538,1.594-1.038c0.5-0.5,0.808-1.002,1.038-1.594c0.222-0.572,0.375-1.227,0.418-2.185 C20.99,14.751,21,14.444,21,12s-0.01-2.751-0.054-3.711c-0.044-0.958-0.196-1.612-0.418-2.185c-0.23-0.592-0.538-1.094-1.038-1.594 c-0.5-0.5-1.002-0.808-1.594-1.038c-0.572-0.222-1.227-0.375-2.185-0.418C14.751,3.01,14.444,3,12,3L12,3z M12,7.378 c-2.552,0-4.622,2.069-4.622,4.622S9.448,16.622,12,16.622s4.622-2.069,4.622-4.622S14.552,7.378,12,7.378z M12,15 c-1.657,0-3-1.343-3-3s1.343-3,3-3s3,1.343,3,3S13.657,15,12,15z M16.804,6.116c-0.596,0-1.08,0.484-1.08,1.08 s0.484,1.08,1.08,1.08c0.596,0,1.08-0.484,1.08-1.08S17.401,6.116,16.804,6.116z\"><\/path><\/svg><span class=\"wp-block-social-link-label\">Instagram<\/span><\/a><\/li><\/ul>\n<\/div>\n<\/div>\n\n\n\n<div class=\"wp-block-stackable-columns alignfull stk-block-columns stk-block stk-ee18fd8\" data-block-id=\"ee18fd8\"><style>@media screen and (max-width:767px){.stk-ee18fd8-column{row-gap:0px !important}}<\/style><div class=\"stk-row stk-inner-blocks stk-block-content stk-content-align stk-ee18fd8-column alignfull\">\n<div class=\"wp-block-stackable-column stk-block-column stk-column stk-block stk-d359adc\" data-v=\"4\" data-block-id=\"d359adc\"><div class=\"stk-column-wrapper stk-block-column__content stk-container stk-d359adc-container stk--no-background stk--no-padding\"><div class=\"stk-block-content stk-inner-blocks stk-d359adc-inner-blocks\">\n<h1 class=\"wp-block-heading tw-mb-1 tw-mt-10\" data-block-type=\"core\">QUESTIONS FR\u00c9QUENTES<\/h1>\n<\/div><\/div><\/div>\n<\/div><\/div>\n\n\n\n<div class=\"wp-block-stackable-divider alignfull stk-block-divider stk-block stk-36567a5\" data-block-id=\"36567a5\"><style>.stk-36567a5 hr.stk-block-divider__hr{background:#000000 !important;height:1px !important;width:100% !important}<\/style><hr class=\"stk-block-divider__hr\"\/><\/div>\n\n\n\n<div class=\"wp-block-stackable-columns alignfull stk-block-columns stk-block stk-111e7e4\" data-block-id=\"111e7e4\"><div class=\"stk-row stk-inner-blocks stk-block-content stk-content-align stk-111e7e4-column alignfull\">\n<div class=\"wp-block-stackable-column stk-block-column stk-column stk-block stk-f9aecfd\" data-v=\"4\" data-block-id=\"f9aecfd\"><div class=\"stk-column-wrapper stk-block-column__content stk-container stk-f9aecfd-container stk--no-background stk--no-padding\"><div class=\"stk-block-content stk-inner-blocks stk-f9aecfd-inner-blocks\">\n<h2 class=\"wp-block-heading\" data-block-type=\"core\">J\u2019aimerais en savoir plus sur le fonctionnement de l\u2019organisme et le d\u00e9veloppement de ses projets d\u2019exposition.<\/h2>\n<\/div><\/div><\/div>\n<\/div><\/div>\n\n\n\n<div class=\"wp-block-stackable-columns alignfull stk-block-columns stk-block stk-b5e47fd\" data-block-id=\"b5e47fd\"><div class=\"stk-row stk-inner-blocks stk-block-content stk-content-align stk-b5e47fd-column alignfull\">\n<div class=\"wp-block-stackable-column stk-block-column stk-column stk-block stk-88fef11\" data-v=\"4\" data-block-id=\"88fef11\"><div class=\"stk-column-wrapper stk-block-column__content stk-container stk-88fef11-container stk--no-background stk--no-padding\"><div class=\"stk-block-content stk-inner-blocks stk-88fef11-inner-blocks\">\n<p class=\"tw-text-wide\" data-block-type=\"core\"><span style=\"color: #202020;\" class=\"ugb-highlight\">Projet commun exp\u00e9rimente le d\u00e9veloppement collaboratif des arts et de la culture en r\u00e9unissant des artistes, des commissaires et des publics. Des cohortes de travail sont form\u00e9es et chacune d\u2019entre elle \u00e9labore une proposition artistique et la pr\u00e9sente publiquement. Des rencontres ont lieu ponctuellement entre les membres de chaque cohorte afin de r\u00e9aliser les diff\u00e9rentes \u00e9tapes (se conna\u00eetre, d\u00e9velopper un concept, produire des contenus, etc.). Le calendrier des activit\u00e9s est flexible et s\u2019adapte aux participant\u00b7e\u00b7s.&nbsp;<\/span><\/p>\n<\/div><\/div><\/div>\n<\/div><\/div>\n\n\n\n<div class=\"wp-block-stackable-divider alignfull stk-block-divider stk-block stk-34810de\" data-block-id=\"34810de\"><style>.stk-34810de hr.stk-block-divider__hr{background:#000000 !important;height:1px !important;width:100% !important}<\/style><hr class=\"stk-block-divider__hr\"\/><\/div>\n\n\n\n<div class=\"wp-block-stackable-columns alignfull stk-block-columns stk-block stk-d1d0c56\" data-block-id=\"d1d0c56\"><div class=\"stk-row stk-inner-blocks stk-block-content stk-content-align stk-d1d0c56-column alignfull\">\n<div class=\"wp-block-stackable-column stk-block-column stk-column stk-block stk-08914f8\" data-v=\"4\" data-block-id=\"08914f8\"><div class=\"stk-column-wrapper stk-block-column__content stk-container stk-08914f8-container stk--no-background stk--no-padding\"><div class=\"stk-block-content stk-inner-blocks stk-08914f8-inner-blocks\">\n<h2 class=\"wp-block-heading\" data-block-type=\"core\">Quel est le r\u00f4le des publics dans un projet commun ?<\/h2>\n<\/div><\/div><\/div>\n<\/div><\/div>\n\n\n\n<div class=\"wp-block-stackable-columns alignfull stk-block-columns stk-block stk-c19c386\" data-block-id=\"c19c386\"><div class=\"stk-row stk-inner-blocks stk-block-content stk-content-align stk-c19c386-column alignfull\">\n<div class=\"wp-block-stackable-column stk-block-column stk-column stk-block stk-f217160\" data-v=\"4\" data-block-id=\"f217160\"><div class=\"stk-column-wrapper stk-block-column__content stk-container stk-f217160-container stk--no-background stk--no-padding\"><div class=\"stk-block-content stk-inner-blocks stk-f217160-inner-blocks\">\n<p class=\"tw-text-wide\" data-block-type=\"core\"><span style=\"color: #202020;\" class=\"ugb-highlight\">Un\u00b7e ou des repr\u00e9sentant\u00b7e\u00b7s des publics font partie de chaque cohorte afin de partager leurs id\u00e9es. Projet commun souhaite conna\u00eetre et int\u00e9grer la vision des publics afin de mettre en place des environnements favorables \u00e0 l\u2019appropriation et l\u2019appr\u00e9ciation des arts par un plus grand nombre. L\u2019organisme esp\u00e8re contribuer \u00e0 la d\u00e9mocratisation de la culture et \u00e0 faire tomber les barri\u00e8res qui s\u2019imposent parfois entre les contenus artistiques et les personnes. L\u2019inclusion des publics est donc essentielle \u00e0 la r\u00e9alisation de chaque projet commun.<\/span><\/p>\n<\/div><\/div><\/div>\n<\/div><\/div>\n\n\n\n<div class=\"wp-block-stackable-divider alignfull stk-block-divider stk-block stk-73c95d8\" data-block-id=\"73c95d8\"><style>.stk-73c95d8 hr.stk-block-divider__hr{background:#000000 !important;height:1px !important;width:100% !important}<\/style><hr class=\"stk-block-divider__hr\"\/><\/div>\n\n\n\n<div class=\"wp-block-stackable-columns alignfull stk-block-columns stk-block stk-3e2c69e\" data-block-id=\"3e2c69e\"><div class=\"stk-row stk-inner-blocks stk-block-content stk-content-align stk-3e2c69e-column alignfull\">\n<div class=\"wp-block-stackable-column stk-block-column stk-column stk-block stk-d2bc594\" data-v=\"4\" data-block-id=\"d2bc594\"><div class=\"stk-column-wrapper stk-block-column__content stk-container stk-d2bc594-container stk--no-background stk--no-padding\"><div class=\"stk-block-content stk-inner-blocks stk-d2bc594-inner-blocks\">\n<h2 class=\"wp-block-heading\" data-block-type=\"core\">Je suis en train de d\u00e9velopper ma pratique en tant que commissaire et je me demande si je peux d\u00e9poser ma candidature m\u00eame si je n\u2019ai pas encore beaucoup d\u2019exp\u00e9riences.<\/h2>\n<\/div><\/div><\/div>\n<\/div><\/div>\n\n\n\n<div class=\"wp-block-stackable-columns alignfull stk-block-columns stk-block stk-d0e2b5f\" data-block-id=\"d0e2b5f\"><div class=\"stk-row stk-inner-blocks stk-block-content stk-content-align stk-d0e2b5f-column alignfull\">\n<div class=\"wp-block-stackable-column stk-block-column stk-column stk-block stk-ba330d0\" data-v=\"4\" data-block-id=\"ba330d0\"><div class=\"stk-column-wrapper stk-block-column__content stk-container stk-ba330d0-container stk--no-background stk--no-padding\"><div class=\"stk-block-content stk-inner-blocks stk-ba330d0-inner-blocks\">\n<p class=\"tw-text-wide\" data-block-type=\"core\"><span style=\"color: #202020;\" class=\"ugb-highlight\">Bien s\u00fbr&nbsp;et on vous encourage \u00e0 le faire ! Projet commun souhaite favoriser l\u2019entr\u00e9e des artistes et des commissaires \u00e9mergent\u00b7e\u00b7s dans le milieu professionnel et sur le march\u00e9 des arts et de la culture, et c\u2019est pourquoi toutes les candidatures sont les bienvenues. N\u2019h\u00e9sitez pas \u00e0 soumettre un dossier que vous ayez de l\u2019exp\u00e9rience ou non.<\/span><\/p>\n<\/div><\/div><\/div>\n<\/div><\/div>\n\n\n\n<div class=\"wp-block-stackable-divider alignfull stk-block-divider stk-block stk-2f2f41d\" data-block-id=\"2f2f41d\"><style>.stk-2f2f41d hr.stk-block-divider__hr{background:#000000 !important;height:1px !important;width:100% !important}<\/style><hr class=\"stk-block-divider__hr\"\/><\/div>\n\n\n\n<div class=\"wp-block-stackable-columns alignfull stk-block-columns stk-block stk-e628026\" data-block-id=\"e628026\"><div class=\"stk-row stk-inner-blocks stk-block-content stk-content-align stk-e628026-column alignfull\">\n<div class=\"wp-block-stackable-column stk-block-column stk-column stk-block stk-1628dd4\" data-v=\"4\" data-block-id=\"1628dd4\"><div class=\"stk-column-wrapper stk-block-column__content stk-container stk-1628dd4-container stk--no-background stk--no-padding\"><div class=\"stk-block-content stk-inner-blocks stk-1628dd4-inner-blocks\">\n<h2 class=\"wp-block-heading\" data-block-type=\"core\">Que fait le comit\u00e9 de programmation de Projet commun ?<\/h2>\n<\/div><\/div><\/div>\n<\/div><\/div>\n\n\n\n<div class=\"wp-block-stackable-columns alignfull stk-block-columns stk-block stk-df923d3\" data-block-id=\"df923d3\"><div class=\"stk-row stk-inner-blocks stk-block-content stk-content-align stk-df923d3-column alignfull\">\n<div class=\"wp-block-stackable-column stk-block-column stk-column stk-block stk-257f1f0\" data-v=\"4\" data-block-id=\"257f1f0\"><div class=\"stk-column-wrapper stk-block-column__content stk-container stk-257f1f0-container stk--no-background stk--no-padding\"><div class=\"stk-block-content stk-inner-blocks stk-257f1f0-inner-blocks\">\n<p class=\"tw-text-wide\" data-block-type=\"core\"><span style=\"color: #202020;\" class=\"ugb-highlight\">Les membres du comit\u00e9 de programmation accompagnent la fondatrice de Projet commun dans le processus de s\u00e9lection des candidatures. \u00c0 partir de grilles d\u2019\u00e9valuation, elles choisissent les artistes, les commissaires et les repr\u00e9sentant\u00b7e\u00b7s des publics pour former les cohortes qui d\u00e9velopperont une proposition artistique et une exposition.<\/span><\/p>\n<\/div><\/div><\/div>\n<\/div><\/div>\n\n\n\n<div class=\"wp-block-stackable-divider alignfull stk-block-divider stk-block stk-6a31042\" data-block-id=\"6a31042\"><style>.stk-6a31042 hr.stk-block-divider__hr{background:#000000 !important;height:1px !important;width:100% !important}<\/style><hr class=\"stk-block-divider__hr\"\/><\/div>\n\n\n\n<div class=\"wp-block-stackable-columns alignfull stk-block-columns stk-block stk-b95ef1b\" data-block-id=\"b95ef1b\"><div class=\"stk-row stk-inner-blocks stk-block-content stk-content-align stk-b95ef1b-column alignfull\">\n<div class=\"wp-block-stackable-column stk-block-column stk-column stk-block stk-277e27d\" data-v=\"4\" data-block-id=\"277e27d\"><div class=\"stk-column-wrapper stk-block-column__content stk-container stk-277e27d-container stk--no-background stk--no-padding\"><div class=\"stk-block-content stk-inner-blocks stk-277e27d-inner-blocks\">\n<h2 class=\"wp-block-heading\" data-block-type=\"core\">Quels sont les crit\u00e8res de s\u00e9lection ?<\/h2>\n<\/div><\/div><\/div>\n<\/div><\/div>\n\n\n\n<div class=\"wp-block-stackable-columns alignfull stk-block-columns stk-block stk-0b8ad0c\" data-block-id=\"0b8ad0c\"><div class=\"stk-row stk-inner-blocks stk-block-content stk-content-align stk-0b8ad0c-column alignfull\">\n<div class=\"wp-block-stackable-column stk-block-column stk-column stk-block stk-4126d99\" data-v=\"4\" data-block-id=\"4126d99\"><div class=\"stk-column-wrapper stk-block-column__content stk-container stk-4126d99-container stk--no-background stk--no-padding\"><div class=\"stk-block-content stk-inner-blocks stk-4126d99-inner-blocks\">\n<p class=\"tw-text-wide\" data-block-type=\"core\"><span style=\"color: #202020;\" class=\"ugb-highlight\"><span style=\"color: #202020;\" class=\"ugb-highlight\">L<\/span>a s\u00e9lection des candidat\u00b7e\u00b7s (artistes et commissaires) est bas\u00e9e sur l&rsquo;originalit\u00e9, la qualit\u00e9 et la pertinence de la proposition artistique et\/ou de la d\u00e9marche. Les repr\u00e9sentant\u00b7e\u00b7s des publics peuvent avoir un lien ou non avec les arts et la culture. Les candidat\u00b7e\u00b7s doivent \u00e9galement d\u00e9montrer un int\u00e9r\u00eat et une sensibilit\u00e9 envers les approches collaboratives et inclusives de travail.<\/span><\/p>\n<\/div><\/div><\/div>\n<\/div><\/div>\n\n\n\n<div class=\"wp-block-stackable-divider alignfull stk-block-divider stk-block stk-7218f43\" data-block-id=\"7218f43\"><style>.stk-7218f43 hr.stk-block-divider__hr{background:#000000 !important;height:1px !important;width:100% !important}<\/style><hr class=\"stk-block-divider__hr\"\/><\/div>\n\n\n\n<div class=\"wp-block-stackable-columns alignfull stk-block-columns stk-block stk-5ac5147\" data-block-id=\"5ac5147\"><div class=\"stk-row stk-inner-blocks stk-block-content stk-content-align stk-5ac5147-column alignfull\">\n<div class=\"wp-block-stackable-column stk-block-column stk-column stk-block stk-1805f55\" data-v=\"4\" data-block-id=\"1805f55\"><div class=\"stk-column-wrapper stk-block-column__content stk-container stk-1805f55-container stk--no-background stk--no-padding\"><div class=\"stk-block-content stk-inner-blocks stk-1805f55-inner-blocks\">\n<h2 class=\"wp-block-heading\" data-block-type=\"core\">Who runs Projet commun organization ?<\/h2>\n<\/div><\/div><\/div>\n<\/div><\/div>\n\n\n\n<div class=\"wp-block-stackable-columns alignfull stk-block-columns stk-block stk-64099a4\" data-block-id=\"64099a4\"><div class=\"stk-row stk-inner-blocks stk-block-content stk-content-align stk-64099a4-column alignfull\">\n<div class=\"wp-block-stackable-column stk-block-column stk-column stk-block stk-58ebd6d\" data-v=\"4\" data-block-id=\"58ebd6d\"><div class=\"stk-column-wrapper stk-block-column__content stk-container stk-58ebd6d-container stk--no-background stk--no-padding\"><div class=\"stk-block-content stk-inner-blocks stk-58ebd6d-inner-blocks\">\n<p class=\"tw-text-wide translation-block\" data-block-type=\"core\">Projet commun is managed by its founder, Sarah Turcotte. Although she coordinates all the artistic and administrative activities of the organization, she values \u200b\u200bcollaboration and wishes to involve the members of the programming committee and the cohorts as much as possible in the various decisions.<\/p>\n<\/div><\/div><\/div>\n<\/div><\/div>\n\n\n\n<div class=\"wp-block-stackable-divider alignfull stk-block-divider stk-block stk-9ff5288\" data-block-id=\"9ff5288\"><style>.stk-9ff5288 hr.stk-block-divider__hr{background:#000000 !important;height:1px !important;width:100% !important}<\/style><hr class=\"stk-block-divider__hr\"\/><\/div>\n\n\n\n<div class=\"wp-block-stackable-columns alignfull stk-block-columns stk-block stk-6237e2a\" data-block-id=\"6237e2a\"><div class=\"stk-row stk-inner-blocks stk-block-content stk-content-align stk-6237e2a-column alignfull\">\n<div class=\"wp-block-stackable-column stk-block-column stk-column stk-block stk-c15c106\" data-v=\"4\" data-block-id=\"c15c106\"><div class=\"stk-column-wrapper stk-block-column__content stk-container stk-c15c106-container stk--no-background stk--no-padding\"><div class=\"stk-block-content stk-inner-blocks stk-c15c106-inner-blocks\">\n<h2 class=\"wp-block-heading\" data-block-type=\"core\">Est-ce que la pr\u00e9sentation publique de la proposition artistique d\u00e9velopp\u00e9e par une cohorte est n\u00e9cessairement une exposition ?<\/h2>\n<\/div><\/div><\/div>\n<\/div><\/div>\n\n\n\n<div class=\"wp-block-stackable-columns alignfull stk-block-columns stk-block stk-a817d72\" data-block-id=\"a817d72\"><div class=\"stk-row stk-inner-blocks stk-block-content stk-content-align stk-a817d72-column alignfull\">\n<div class=\"wp-block-stackable-column stk-block-column stk-column stk-block stk-6cbde22\" data-v=\"4\" data-block-id=\"6cbde22\"><div class=\"stk-column-wrapper stk-block-column__content stk-container stk-6cbde22-container stk--no-background stk--no-padding\"><div class=\"stk-block-content stk-inner-blocks stk-6cbde22-inner-blocks\">\n<p class=\"tw-text-wide\" data-block-type=\"core\"><span style=\"color: #202020;\" class=\"ugb-highlight\">Non. Puisque Projet commun encourage une diversit\u00e9 de pratiques artistiques, la pr\u00e9sentation publique peut prendre diff\u00e9rentes formes (exposition, performance, lecture, etc.).<\/span><\/p>\n<\/div><\/div><\/div>\n<\/div><\/div>\n\n\n\n<div class=\"wp-block-stackable-divider alignfull stk-block-divider stk-block stk-221a10d\" data-block-id=\"221a10d\"><style>.stk-221a10d hr.stk-block-divider__hr{background:#000000 !important;height:1px !important;width:100% !important}<\/style><hr class=\"stk-block-divider__hr\"\/><\/div>","protected":false},"excerpt":{"rendered":"<p>POUR NOUS JOINDRE info@projetcommun.org QUESTIONS FR\u00c9QUENTES J\u2019aimerais en savoir plus sur le fonctionnement de l\u2019organisme et le d\u00e9veloppement de ses projets d\u2019exposition. Projet commun exp\u00e9rimente le d\u00e9veloppement collaboratif des arts et de la culture en r\u00e9unissant des artistes, des commissaires et des publics. Des cohortes de travail sont form\u00e9es et chacune d\u2019entre elle \u00e9labore une&hellip; <a class=\"more-link\" href=\"https:\/\/projetcommun.org\/en\/contact\/\">Continue reading <span class=\"screen-reader-text\">Contact<\/span><\/a><\/p>","protected":false},"author":2,"featured_media":0,"parent":0,"menu_order":0,"comment_status":"closed","ping_status":"closed","template":"tw-header-transparent.php","meta":{"footnotes":""},"class_list":["post-13","page","type-page","status-publish","hentry","entry"],"featured_image_urls_v2":{"full":"","thumbnail":"","medium":"","medium_large":"","large":"","1536x1536":"","2048x2048":"","trp-custom-language-flag":"","post-thumbnail":""},"post_excerpt_stackable_v2":"<p>POUR NOUS JOINDRE info@projetcommun.org Facebook Instagram QUESTIONS FR\u00c9QUENTES J\u2019aimerais en savoir plus sur le fonctionnement de l\u2019organisme et le d\u00e9veloppement de ses projets d\u2019exposition. Projet commun exp\u00e9rimente le d\u00e9veloppement collaboratif des arts et de la culture en r\u00e9unissant des artistes, des commissaires et des publics. Des cohortes de travail sont form\u00e9es et chacune d\u2019entre elle \u00e9labore une proposition artistique et la pr\u00e9sente publiquement. Des rencontres ont lieu ponctuellement entre les membres de chaque cohorte afin de r\u00e9aliser les diff\u00e9rentes \u00e9tapes (se conna\u00eetre, d\u00e9velopper un concept, produire des contenus, etc.). Le calendrier des activit\u00e9s est flexible et s\u2019adapte aux participant\u00b7e\u00b7s.&nbsp; Quel&hellip;<\/p>\n","category_list_v2":"","author_info_v2":{"name":"Sarah Turcotte","url":"https:\/\/projetcommun.org\/en\/author\/projetcommun\/"},"comments_num_v2":"0 comments","_links":{"self":[{"href":"https:\/\/projetcommun.org\/en\/wp-json\/wp\/v2\/pages\/13","targetHints":{"allow":["GET"]}}],"collection":[{"href":"https:\/\/projetcommun.org\/en\/wp-json\/wp\/v2\/pages"}],"about":[{"href":"https:\/\/projetcommun.org\/en\/wp-json\/wp\/v2\/types\/page"}],"author":[{"embeddable":true,"href":"https:\/\/projetcommun.org\/en\/wp-json\/wp\/v2\/users\/2"}],"replies":[{"embeddable":true,"href":"https:\/\/projetcommun.org\/en\/wp-json\/wp\/v2\/comments?post=13"}],"version-history":[{"count":6,"href":"https:\/\/projetcommun.org\/en\/wp-json\/wp\/v2\/pages\/13\/revisions"}],"predecessor-version":[{"id":2706,"href":"https:\/\/projetcommun.org\/en\/wp-json\/wp\/v2\/pages\/13\/revisions\/2706"}],"wp:attachment":[{"href":"https:\/\/projetcommun.org\/en\/wp-json\/wp\/v2\/media?parent=13"}],"curies":[{"name":"wp","href":"https:\/\/api.w.org\/{rel}","templated":true}]}}