{"id":50,"date":"2021-06-20T16:37:35","date_gmt":"2021-06-20T20:37:35","guid":{"rendered":"https:\/\/projetcommun.org\/?page_id=50"},"modified":"2026-03-28T12:15:09","modified_gmt":"2026-03-28T16:15:09","slug":"a-propos","status":"publish","type":"page","link":"https:\/\/projetcommun.org\/en\/a-propos\/","title":{"rendered":"\u00c0 propos"},"content":{"rendered":"<div class=\"wp-block-columns alignfull tw-mb-0 tw-mt-0 is-style-default tw-gutter-no is-layout-flex wp-container-core-columns-is-layout-6c3a7f47 wp-block-columns-is-layout-flex\" style=\"border-style:none;border-width:0px;border-radius:0px;padding-top:0px;padding-right:0px;padding-bottom:0px;padding-left:0px\" data-block-type=\"core\">\n<div class=\"wp-block-column is-vertically-aligned-top tw-mb-0 tw-mt-0 is-layout-flow wp-block-column-is-layout-flow\" style=\"padding-right:0px\" data-block-type=\"core\">\n<div class=\"wp-block-columns alignfull tw-mb-0 tw-mt-0 is-style-default tw-gutter-no is-layout-flex wp-container-core-columns-is-layout-6c3a7f47 wp-block-columns-is-layout-flex\" style=\"border-style:none;border-width:0px;border-radius:1px;padding-top:0px;padding-right:0px;padding-bottom:0px;padding-left:0px\" data-block-type=\"core\">\n<div class=\"wp-block-column is-vertically-aligned-top tw-mb-0 tw-mt-0 is-layout-flow wp-block-column-is-layout-flow\" style=\"padding-right:0px\" data-block-type=\"core\"><div class=\"wp-block-image tw-mb-0 tw-mt-0\">\n<figure class=\"alignleft size-full is-resized\" data-block-type=\"core\"><img loading=\"lazy\" decoding=\"async\" width=\"920\" height=\"362\" src=\"https:\/\/projetcommun.org\/wp-content\/uploads\/2026\/03\/Logo-PC.png\" alt=\"\" class=\"wp-image-3170\" style=\"width:400px\" srcset=\"https:\/\/projetcommun.org\/wp-content\/uploads\/2026\/03\/Logo-PC.png 920w, https:\/\/projetcommun.org\/wp-content\/uploads\/2026\/03\/Logo-PC-300x118.png 300w, https:\/\/projetcommun.org\/wp-content\/uploads\/2026\/03\/Logo-PC-768x302.png 768w, https:\/\/projetcommun.org\/wp-content\/uploads\/2026\/03\/Logo-PC-18x7.png 18w\" sizes=\"auto, (max-width: 920px) 100vw, 920px\" \/><\/figure>\n<\/div>\n\n\n<h2 class=\"wp-block-heading tw-mt-0 tw-mb-0\" style=\"font-size:27px;letter-spacing:-1px;line-height:1.3\" data-block-type=\"core\"><br><span style=\"color: #202020;\" class=\"stk-highlight\">Founded in 2021 by Sarah Turcotte, Projet commun is a non-profit cultural organization that develops artistic proposals and designs exhibitions based on an experimental collaborative approach. Working cohorts are formed, bringing together emerging artists and curators as well as members of the public, to realize \u201ccommon projects\u201d (projets communs). While the diversity of perspectives integrated into each cohort enriches the reflections carried out within the organization, the creation of partnerships with external teams and diverse venues allow projects to come to life in public spaces and new contexts. Discussions thus continue within a broader circle, and, little by little, a community is built.<br><br>To date, Projet commun has established several collaborations and partnerships. Thanks to the invaluable support of the Observatoire des m\u00e9diations culturelles (OMEC), the Groupe de recherche sur l'\u00e9ducation et les mus\u00e9es (GREM), the Institut du patrimoine (IP), the Association facultaire \u00e9tudiante des arts at the Universit\u00e9 du Qu\u00e9bec \u00e0 Montr\u00e9al (AF\u00c9A), the Conseil des arts de Montr\u00e9al (CAM), and Marilou Bourdon (Trois fois par jour), major projects were produced and presented to the public (exhibitions, performances, lectures, publications, public discussions, video productions, booths at markets and fairs).\u00a0<\/span><\/h2>\n\n\n\n<div style=\"height:50px\" aria-hidden=\"true\" class=\"wp-block-spacer\" data-block-type=\"core\"><\/div>\n<\/div>\n<\/div>\n<\/div>\n<\/div>\n\n\n\n<div class=\"wp-block-columns alignfull is-style-default tw-gutter-no is-layout-flex wp-container-core-columns-is-layout-d0b3c9c8 wp-block-columns-is-layout-flex\" data-block-type=\"core\">\n<div class=\"wp-block-column is-layout-flow wp-block-column-is-layout-flow\" data-block-type=\"core\">\n<h1 class=\"wp-block-heading tw-mb-1 tw-mt-0\" style=\"font-size:60px;line-height:1\" data-block-type=\"core\">MISSION<\/h1>\n\n\n\n<div style=\"height:20px\" aria-hidden=\"true\" class=\"wp-block-spacer\" data-block-type=\"core\"><\/div>\n<\/div>\n<\/div>\n\n\n\n<div class=\"wp-block-columns alignfull is-style-default tw-gutter-no is-layout-flex wp-container-core-columns-is-layout-6c3a7f47 wp-block-columns-is-layout-flex\" style=\"padding-top:0px;padding-right:0px;padding-bottom:0px;padding-left:0px\" data-block-type=\"core\">\n<div class=\"wp-block-column is-layout-flow wp-block-column-is-layout-flow\" style=\"--col-width:;padding-right:15px;padding-bottom:0px;padding-left:0px\" data-block-type=\"core\">\n<p style=\"font-size:27px;letter-spacing:-1px;line-height:1.3\" data-block-type=\"core\"><span style=\"color: #202020;\" class=\"ugb-highlight\">Design exhibitions and develop cultural proposals based on an experimental collaborative approach that promotes the encounter between a diversity of curators, artists, audiences and environments.<\/span><\/p>\n\n\n\n<p data-block-type=\"core\"><\/p>\n<\/div>\n\n\n\n<div class=\"wp-block-column is-layout-flow wp-block-column-is-layout-flow\" style=\"--col-width:;padding-top:0px;padding-right:15px;padding-bottom:0px;padding-left:0px\" data-block-type=\"core\">\n<p style=\"font-size:27px;letter-spacing:-1px;line-height:1.3\" data-block-type=\"core\"><span style=\"color: #202020;\" class=\"ugb-highlight\">Recognize, support and promote skills and work of emerging artists and curators in addition to integrating publics voice in each of the productions.<\/span><\/p>\n\n\n\n<p data-block-type=\"core\"><\/p>\n<\/div>\n\n\n\n<div class=\"wp-block-column is-layout-flow wp-block-column-is-layout-flow\" style=\"--col-width:;padding-left:0px\" data-block-type=\"core\">\n<p style=\"font-size:27px;letter-spacing:-1px;line-height:1.3\" data-block-type=\"core\"><span style=\"color: #202020;\" class=\"ugb-highlight\">Create and consolidate connections between individuals and spaces that form the artistic and cultural community of Quebec.<\/span><\/p>\n<\/div>\n<\/div>\n\n\n\n<div class=\"wp-block-columns alignfull is-style-default tw-gutter-no is-layout-flex wp-container-core-columns-is-layout-d0b3c9c8 wp-block-columns-is-layout-flex\" data-block-type=\"core\">\n<div class=\"wp-block-column is-layout-flow wp-block-column-is-layout-flow\" data-block-type=\"core\">\n<h1 class=\"wp-block-heading tw-mb-1 tw-mt-9\" style=\"font-size:60px;line-height:1\" data-block-type=\"core\">HISTORY AND VISION<\/h1>\n\n\n\n<div style=\"height:20px\" aria-hidden=\"true\" class=\"wp-block-spacer\" data-block-type=\"core\"><\/div>\n<\/div>\n<\/div>\n\n\n\n<div class=\"wp-block-columns alignfull is-style-default tw-gutter-no is-layout-flex wp-container-core-columns-is-layout-6c3a7f47 wp-block-columns-is-layout-flex\" style=\"padding-top:0px;padding-right:0px;padding-bottom:0px;padding-left:0px\" data-block-type=\"core\">\n<div class=\"wp-block-column tw-mt-0 is-layout-flow wp-block-column-is-layout-flow\" style=\"padding-top:0px;padding-right:15px;padding-bottom:0px;padding-left:0px\" data-block-type=\"core\">\n<p style=\"font-size:27px;letter-spacing:-1px;line-height:1.3\" data-block-type=\"core\"><meta charset=\"utf-8\"><\/meta><span style=\"color: #202020;\" class=\"ugb-highlight\"><span style=\"color: #202020;\" class=\"ugb-highlight\">Sarah founded Projet commun with the aim of experimenting with new methods for developing cultural content and producing exhibitions in an era marked by communication technologies, the accessibility of public spaces, and the constraints imposed by competitive markets. Committed to the democratization of the arts, she is interested in collaborative approaches and inclusive processes. Together with the members of the programming committee, she reflects on the fairest and most effective ways of operating to formulate and present high-quality cultural proposals, while fostering unexpected yet enriching encounters between artists, curators, audiences, and diverse environments. Projet commun is therefore conceived as an experimental, open, and evolving framework that aims not only to contribute to the promotion of democratic practices but also to the recognition of artistic works rooted in a thoughtful approach.\u00a0<\/span><\/span><\/p>\n\n\n\n<p data-block-type=\"core\"><\/p>\n<\/div>\n\n\n\n<div class=\"wp-block-column is-layout-flow wp-block-column-is-layout-flow\" style=\"padding-left:0px\" data-block-type=\"core\">\n<p style=\"font-size:27px;letter-spacing:-1px;line-height:1.3\" data-block-type=\"core\"><meta charset=\"utf-8\"><span style=\"color: #202020;\" class=\"ugb-highlight\">It is important to emphasize that the activities of the Projet commun organization take place mainly in Tiohti\u00e0:ke \/ Montreal, an ancestral territory that has long served as a place of life, gatherings and exchanges between indigenous peoples, notably the Kanien\u2019keh\u00e1:ka nation. We honor, respect and recognize those nations who have never ceded their rights or sovereign authority over the lands and waters where Projet commun was founded and continues to evolve.<\/span><\/p>\n\n\n\n<p data-block-type=\"core\"><\/p>\n<\/div>\n<\/div>","protected":false},"excerpt":{"rendered":"<p>Fond\u00e9 en 2021 par Sarah Turcotte, Projet commun est un organisme culturel \u00e0 but non lucratif qui d\u00e9veloppe des propositions artistiques et con\u00e7oit des expositions \u00e0 partir d\u2019une approche collaborative exp\u00e9rimentale. Des cohortes de travail sont form\u00e9es, r\u00e9unissant des artistes et des commissaires de la rel\u00e8ve ainsi que des membres du public, afin de r\u00e9aliser&hellip; <a class=\"more-link\" href=\"https:\/\/projetcommun.org\/en\/a-propos\/\">Continue reading <span class=\"screen-reader-text\">\u00c0 propos<\/span><\/a><\/p>","protected":false},"author":2,"featured_media":0,"parent":0,"menu_order":0,"comment_status":"closed","ping_status":"closed","template":"tw-no-title.php","meta":{"footnotes":""},"class_list":["post-50","page","type-page","status-publish","hentry","entry"],"featured_image_urls_v2":{"full":"","thumbnail":"","medium":"","medium_large":"","large":"","1536x1536":"","2048x2048":"","trp-custom-language-flag":"","post-thumbnail":""},"post_excerpt_stackable_v2":"<p>Fond\u00e9 en 2021 par Sarah Turcotte, Projet commun est un organisme culturel \u00e0 but non lucratif qui d\u00e9veloppe des propositions artistiques et con\u00e7oit des expositions \u00e0 partir d\u2019une approche collaborative exp\u00e9rimentale. Des cohortes de travail sont form\u00e9es, r\u00e9unissant des artistes et des commissaires de la rel\u00e8ve ainsi que des membres du public, afin de r\u00e9aliser des \u00ab\u00a0projets communs\u00a0\u00bb. Tandis que la diversit\u00e9 des perspectives int\u00e9gr\u00e9e \u00e0 chacune des cohortes enrichit les r\u00e9flexions men\u00e9es au sein de l&rsquo;organisme, la cr\u00e9ation de partenariats avec des \u00e9quipes externes et des lieux de diffusion vari\u00e9s permet aux projets de prendre vie dans l\u2019espace public&hellip;<\/p>\n","category_list_v2":"","author_info_v2":{"name":"Sarah Turcotte","url":"https:\/\/projetcommun.org\/en\/author\/projetcommun\/"},"comments_num_v2":"0 comments","_links":{"self":[{"href":"https:\/\/projetcommun.org\/en\/wp-json\/wp\/v2\/pages\/50","targetHints":{"allow":["GET"]}}],"collection":[{"href":"https:\/\/projetcommun.org\/en\/wp-json\/wp\/v2\/pages"}],"about":[{"href":"https:\/\/projetcommun.org\/en\/wp-json\/wp\/v2\/types\/page"}],"author":[{"embeddable":true,"href":"https:\/\/projetcommun.org\/en\/wp-json\/wp\/v2\/users\/2"}],"replies":[{"embeddable":true,"href":"https:\/\/projetcommun.org\/en\/wp-json\/wp\/v2\/comments?post=50"}],"version-history":[{"count":22,"href":"https:\/\/projetcommun.org\/en\/wp-json\/wp\/v2\/pages\/50\/revisions"}],"predecessor-version":[{"id":3179,"href":"https:\/\/projetcommun.org\/en\/wp-json\/wp\/v2\/pages\/50\/revisions\/3179"}],"wp:attachment":[{"href":"https:\/\/projetcommun.org\/en\/wp-json\/wp\/v2\/media?parent=50"}],"curies":[{"name":"wp","href":"https:\/\/api.w.org\/{rel}","templated":true}]}}