{"id":121,"date":"2021-06-20T18:01:36","date_gmt":"2021-06-20T22:01:36","guid":{"rendered":"https:\/\/projetcommun.org\/?page_id=121"},"modified":"2026-03-27T20:03:32","modified_gmt":"2026-03-28T00:03:32","slug":"equipe","status":"publish","type":"page","link":"https:\/\/projetcommun.org\/fr\/equipe\/","title":{"rendered":"\u00c9quipe"},"content":{"rendered":"\n<div class=\"wp-block-group alignfull\" data-block-type=\"core\"><div class=\"wp-block-group__inner-container is-layout-flow wp-block-group-is-layout-flow\">\n<div class=\"wp-block-columns alignfull tw-gutter-no is-layout-flex wp-container-core-columns-is-layout-d0b3c9c8 wp-block-columns-is-layout-flex\" data-block-type=\"core\">\n<div class=\"wp-block-column tw-mb-0 is-layout-flow wp-block-column-is-layout-flow\" style=\"--col-width:100%;flex-basis:100%\" data-block-type=\"core\">\n<h1 class=\"wp-block-heading tw-mt-0 tw-mb-1\" style=\"font-size:60px;line-height:1\" data-block-type=\"core\">FONDATRICE<\/h1>\n\n\n\n<div style=\"height:10px\" aria-hidden=\"true\" class=\"wp-block-spacer\" data-block-type=\"core\"><\/div>\n\n\n\n<h2 class=\"wp-block-heading\" data-block-type=\"core\">SARAH<\/h2>\n<\/div>\n<\/div>\n\n\n\n<div class=\"wp-block-columns alignfull tw-gutter-no is-layout-flex wp-container-core-columns-is-layout-d0b3c9c8 wp-block-columns-is-layout-flex\" data-block-type=\"core\">\n<div class=\"wp-block-column is-vertically-aligned-top is-layout-flow wp-block-column-is-layout-flow\" style=\"padding-right:15px\" data-block-type=\"core\">\n<div class=\"wp-block-columns alignfull tw-mb-0 tw-mt-0 is-style-default tw-gutter-no is-layout-flex wp-container-core-columns-is-layout-6c3a7f47 wp-block-columns-is-layout-flex\" style=\"border-style:none;border-width:0px;border-radius:0px;padding-top:0px;padding-right:0px;padding-bottom:0px;padding-left:0px\" data-block-type=\"core\">\n<div class=\"wp-block-column is-vertically-aligned-top tw-mb-0 tw-mt-0 is-layout-flow wp-block-column-is-layout-flow\" style=\"padding-right:0px\" data-block-type=\"core\">\n<div class=\"wp-block-columns alignfull tw-mb-0 tw-mt-0 is-style-default tw-gutter-no is-layout-flex wp-container-core-columns-is-layout-6c3a7f47 wp-block-columns-is-layout-flex\" style=\"border-style:none;border-width:0px;border-radius:1px;padding-top:0px;padding-right:0px;padding-bottom:0px;padding-left:0px\" data-block-type=\"core\">\n<div class=\"wp-block-column is-vertically-aligned-top tw-mb-0 tw-mt-0 is-layout-flow wp-block-column-is-layout-flow\" style=\"padding-right:0px\" data-block-type=\"core\"><div class=\"wp-block-image tw-mb-0 tw-mt-0\">\n<figure class=\"alignleft size-full is-resized\" data-block-type=\"core\"><img loading=\"lazy\" decoding=\"async\" width=\"1399\" height=\"1399\" src=\"https:\/\/projetcommun.org\/wp-content\/uploads\/2022\/03\/sarah-photo-copie_bonne.jpg\" alt=\"\" class=\"wp-image-1435\" style=\"width:475px\" srcset=\"https:\/\/projetcommun.org\/wp-content\/uploads\/2022\/03\/sarah-photo-copie_bonne.jpg 1399w, https:\/\/projetcommun.org\/wp-content\/uploads\/2022\/03\/sarah-photo-copie_bonne-300x300.jpg 300w, https:\/\/projetcommun.org\/wp-content\/uploads\/2022\/03\/sarah-photo-copie_bonne-1024x1024.jpg 1024w, https:\/\/projetcommun.org\/wp-content\/uploads\/2022\/03\/sarah-photo-copie_bonne-150x150.jpg 150w, https:\/\/projetcommun.org\/wp-content\/uploads\/2022\/03\/sarah-photo-copie_bonne-768x768.jpg 768w\" sizes=\"auto, (max-width: 1399px) 100vw, 1399px\" \/><\/figure>\n<\/div>\n\n\n<p class=\"tw-mt-0 tw-mb-0\" style=\"font-size:27px;letter-spacing:-1px;line-height:1.3\" data-block-type=\"core\"><span style=\"color: #202020;\" class=\"stk-highlight\">D\u00e9tentrice d\u2019un baccalaur\u00e9at en linguistique et d\u2019une ma\u00eetrise en mus\u00e9ologie, Sarah Turcotte ach\u00e8ve un doctorat en mus\u00e9ologie, m\u00e9diation, patrimoine \u00e0 l\u2019Universit\u00e9 du Qu\u00e9bec \u00e0 Montr\u00e9al (UQAM) qui porte sur l\u2019articulation du r\u00f4le politico-\u00e9conomique des grands mus\u00e9es d\u2019art qu\u00e9b\u00e9cois avec leurs missions scientifique, p\u00e9dagogique et sociale. Ses analyses ont \u00e9t\u00e9 publi\u00e9es dans <em>Museum Management and Curatorship<\/em> (2025), <em>Digital studies\/Le champ num\u00e9rique<\/em> (2022, 2024) et <em>Revue Animation, Territoires et Pratiques Socioculturelles<\/em> (2022, 2023). En plus d\u2019avoir dirig\u00e9 l\u2019ouvrage <em>L\u2019essor des contre-mus\u00e9ologies<\/em> (2025), paru dans la collection Sociomus\u00e9ologie &amp; Sociomuseology de l\u2019Universit\u00e9 Lusophone au Portugal, elle a communiqu\u00e9 ses travaux lors de colloques nationaux, comme l\u2019Acfas (2023, 2024), et internationaux en collaboration avec l\u2019Universit\u00e9 technique de Cr\u00e8te (2024) et l\u2019Universit\u00e9 Iberoamericana \u00e0 Mexico (2023). La qualit\u00e9 de ses recherches lui a permis d\u2019\u00eatre finaliste pour le Prix Roland-Arpin (2019), de remporter la bourse Marcel-Masse (2021) ainsi que d\u2019\u00eatre appuy\u00e9e par Mitacs, les Fonds de recherche du Qu\u00e9bec \u2013 Soci\u00e9t\u00e9 et Culture (FRQSC) et l\u2019Observatoire des m\u00e9diations culturelles (OMEC).<br><br>Parall\u00e8lement \u00e0 ses \u00e9tudes doctorales, Sarah a fond\u00e9 l\u2019organisme Projet commun afin d\u2019exp\u00e9rimenter le d\u00e9veloppement collaboratif des arts et de la culture. Les propositions curatoriales, les r\u00e9flexions et les productions issues de son initiative ont \u00e9t\u00e9 pr\u00e9sent\u00e9es \u00e0 l\u2019espace Produit Rien (2022), au caf\u00e9 Reine Gar\u00e7on (2022), \u00e0 la galerie Parc Offsite\/Eli Kerr (2023), \u00e0 l\u2019OMEC (2024), \u00e0 la Foire Plural (2024, 2025, 2026), au march\u00e9 de PHI (2024) et lors d\u2019une performance intime \u00e0 Qu\u00e9bec (2025). Son implication avec Projet commun lui a valu le Prix Rel\u00e8ve de la Soci\u00e9t\u00e9 des mus\u00e9es du Qu\u00e9bec (2024) et la bourse du Syndicat des professeures et professeurs de l\u2019UQAM (SPUQ) du volet Excellence et engagement de la Fondation de l&rsquo;UQAM (2024).<br><br>Sarah a \u00e9galement d\u2019autres contributions professionnelles, dont des textes publi\u00e9s dans la revue <em>Vie des arts<\/em>, dans un catalogue d\u2019exposition du Centre d\u2019art Dazibao et sur le blogue de PHI, o\u00f9 elle a travaill\u00e9 pendant plus de trois ans comme coordonnatrice de l\u2019exp\u00e9rience des visites. Elle \u0153uvre aujourd\u2019hui en tant que Responsable de la programmation et de la diffusion chez Les Impatients, un organisme engag\u00e9 en art et en sant\u00e9 mentale au sein duquel elle continue \u00e0 enrichir sa pratique curatoriale, notamment avec le projet <em>Nids communs<\/em> (2026).<br><\/span><br><strong>Approche curatoriale<\/strong><br><br><span style=\"color: #202020;\" class=\"stk-highlight\">Ma pratique curatoriale repose sur une approche collaborative de r\u00e9flexion et de cr\u00e9ation. Avec mon organisme Projet commun, je con\u00e7ois diverses propositions curatoriales et artistiques en impliquant, \u00e0 diff\u00e9rentes \u00e9tapes du processus, la participation d\u2019autres commissaires, curateurs et curatrices, d\u2019artistes, de membres du public, de travailleuses et travailleurs culturels ainsi que de milieux communautaires et lieux de diffusion vari\u00e9s. Ma d\u00e9marche s\u2019ancre dans les mouvements de d\u00e9mocratisation de la culture (acc\u00e8s au sens des \u0153uvres) et de d\u00e9mocratie culturelle (diversification des discours et des artistes), qui ont cours depuis la seconde moiti\u00e9 du 20<sup>e<\/sup> si\u00e8cle. Je m\u2019inspire notamment des \u00ab\u00a0contre-mus\u00e9ologies\u00a0\u00bb, recouvrant des courants comme la mus\u00e9ologie sociale, la mus\u00e9ologique critique ou encore l\u2019\u00e9comus\u00e9ologie, afin de d\u00e9finir et enrichir mon approche. Dans une perspective r\u00e9flexive, je con\u00e7ois ma pratique curatoriale comme \u00e9volutive, exp\u00e9rimentale et organique, me nourrissant d\u2019une multitude de rencontres. Qu\u2019il s\u2019agisse d\u2019\u00e9crits th\u00e9oriques ou de conversations intimes, je suis autant anim\u00e9e par les \u00e9changes de fond que par ceux de circonstance.<br><br>Si des d\u00e9cennies d\u2019efforts en m\u00e9diation culturelle ont cherch\u00e9 \u00e0 \u00e9largir l\u2019acc\u00e8s \u00e0 l\u2019art et \u00e0 la culture, les questions d\u2019inclusion, de repr\u00e9sentativit\u00e9 et d\u2019(in)utilit\u00e9 demeurent enti\u00e8res. Pour faire de la sph\u00e8re de l\u2019art un v\u00e9ritable \u00ab\u00a0projet commun\u00a0\u00bb, les propositions artistiques et culturelles doivent refl\u00e9ter une pluralit\u00e9 de voix et d\u2019exp\u00e9riences afin que chacune et chacun puisse s\u2019y reconna\u00eetre, mais aussi pour que les \u0153uvres cr\u00e9\u00e9es et diffus\u00e9es stimulent la r\u00e9flexion, suscitent des questionnements sur la vie quotidienne et collective, et offrent des espaces d\u2019\u00e9mancipation au regard des enjeux sociaux, politiques, \u00e9conomiques et mat\u00e9riels du monde que nous construisons.<br><br>Je cherche ainsi \u00e0 d\u00e9velopper une pratique curatoriale que l\u2019on pourrait qualifier de \u00ab\u00a0curation collective\u00a0\u00bb, o\u00f9 des personnes, qu\u2019elles soient initi\u00e9es ou non au monde de l\u2019art, ont la possibilit\u00e9 de contribuer \u00e0 l\u2019\u00e9laboration de \u00ab\u00a0projets communs\u00a0\u00bb afin que ceux-ci refl\u00e8tent une vision \u00e0 la fois plurielle et partag\u00e9e. \u00c0 travers les partenariats que je mets en place, je propose non seulement de faire d\u00e9couvrir des milieux communautaires, culturels et artistiques vari\u00e9s \u00e0 une diversit\u00e9 de publics, mais je cr\u00e9e aussi des occasions permettant \u00e0 des organismes et lieux d\u2019exposition d\u2019accueillir de nouvelles communaut\u00e9s. Les r\u00e9seaux se croisent et se transforment ainsi au gr\u00e9 d\u2019une soci\u00e9t\u00e9 qui \u00e9volue.<\/span><\/p>\n\n\n\n<div style=\"height:20px\" aria-hidden=\"true\" class=\"wp-block-spacer\" data-block-type=\"core\"><\/div>\n\n\n\n<div class=\"wp-block-columns alignfull tw-gutter-no is-layout-flex wp-container-core-columns-is-layout-d0b3c9c8 wp-block-columns-is-layout-flex\" data-block-type=\"core\">\n<div class=\"wp-block-column tw-mb-0 is-layout-flow wp-block-column-is-layout-flow\" style=\"--col-width:100%;flex-basis:100%\" data-block-type=\"core\">\n<h1 class=\"wp-block-heading tw-mt-0 tw-mb-1\" style=\"font-size:60px;line-height:1\" data-block-type=\"core\">COMIT\u00c9 DE PROGRAMMATION<\/h1>\n<\/div>\n<\/div>\n\n\n\n<div style=\"height:10px\" aria-hidden=\"true\" class=\"wp-block-spacer\" data-block-type=\"core\"><\/div>\n<\/div>\n<\/div>\n<\/div>\n<\/div>\n<\/div>\n<\/div>\n\n\n\n<div class=\"wp-block-columns alignfull tw-gutter-no is-layout-flex wp-container-core-columns-is-layout-d0b3c9c8 wp-block-columns-is-layout-flex\" data-block-type=\"core\">\n<div class=\"wp-block-column is-vertically-aligned-top is-layout-flow wp-block-column-is-layout-flow\" style=\"padding-right:15px\" data-block-type=\"core\">\n<h2 class=\"wp-block-heading tw-mb-1 tw-mt-1\" style=\"font-size:40px;line-height:1\" data-block-type=\"core\">ORISE<\/h2>\n\n\n\n<figure class=\"wp-block-image size-full has-custom-border tw-mb-1\" data-block-type=\"core\"><img loading=\"lazy\" decoding=\"async\" width=\"2048\" height=\"2048\" src=\"https:\/\/projetcommun.org\/wp-content\/uploads\/2024\/07\/Orise-carre.jpg\" alt=\"\" class=\"wp-image-2689\" style=\"border-style:none;border-width:0px;border-radius:0px\" srcset=\"https:\/\/projetcommun.org\/wp-content\/uploads\/2024\/07\/Orise-carre.jpg 2048w, https:\/\/projetcommun.org\/wp-content\/uploads\/2024\/07\/Orise-carre-300x300.jpg 300w, https:\/\/projetcommun.org\/wp-content\/uploads\/2024\/07\/Orise-carre-1024x1024.jpg 1024w, https:\/\/projetcommun.org\/wp-content\/uploads\/2024\/07\/Orise-carre-150x150.jpg 150w, https:\/\/projetcommun.org\/wp-content\/uploads\/2024\/07\/Orise-carre-768x768.jpg 768w, https:\/\/projetcommun.org\/wp-content\/uploads\/2024\/07\/Orise-carre-1536x1536.jpg 1536w, https:\/\/projetcommun.org\/wp-content\/uploads\/2024\/07\/Orise-carre-12x12.jpg 12w, https:\/\/projetcommun.org\/wp-content\/uploads\/2024\/07\/Orise-carre-1568x1568.jpg 1568w\" sizes=\"auto, (max-width: 2048px) 100vw, 2048px\" \/><\/figure>\n\n\n\n<p style=\"font-size:27px;letter-spacing:-1px;line-height:1.3\" data-block-type=\"core\"><span style=\"color: #202020;\" class=\"stk-highlight\">Orise Jacques-Durocher est une artiste qu\u00e9b\u00e9coise qui vit et travaille \u00e0 Montr\u00e9al o\u00f9 elle a obtenu un baccalaur\u00e9at en Arts visuels de l&rsquo;Universit\u00e9 Concordia (2020). Sa pratique sculpturale est motiv\u00e9e par une volont\u00e9 de r\u00e9imaginer notre compr\u00e9hension des objets et du monde mat\u00e9riel. Au centre de son travail, le m\u00e9dium de la c\u00e9ramique est c\u00e9l\u00e9br\u00e9 pour ses possibilit\u00e9s d\u2019explorations exceptionnelles et pour sa mat\u00e9rialit\u00e9, \u00e0 la fois triviale et extravagante. Son travail a \u00e9t\u00e9 pr\u00e9sent\u00e9 dans une vari\u00e9t\u00e9 d&rsquo;expositions collectives \u00e0 Montr\u00e9al ainsi qu&rsquo;\u00e0 Skaelskor, au Danemark, lors d&rsquo;une r\u00e9sidence au Guldagergaard International Ceramic Research Center.<br>Cr\u00e9dit photo : No\u00e9mie Sylvestre<\/span><\/p>\n<\/div>\n\n\n\n<div class=\"wp-block-column is-vertically-aligned-top is-layout-flow wp-block-column-is-layout-flow\" style=\"padding-top:0px;padding-right:15px;padding-bottom:0px;padding-left:0px\" data-block-type=\"core\">\n<h2 class=\"wp-block-heading tw-mb-1 tw-mt-1\" style=\"font-size:40px\" data-block-type=\"core\">TYRA<\/h2>\n\n\n\n<figure class=\"wp-block-image size-large tw-mb-1\" data-block-type=\"core\"><img loading=\"lazy\" decoding=\"async\" width=\"1024\" height=\"1024\" src=\"https:\/\/projetcommun.org\/wp-content\/uploads\/2022\/03\/Tyra-1-1024x1024.jpg\" alt=\"\" class=\"wp-image-1436\" srcset=\"https:\/\/projetcommun.org\/wp-content\/uploads\/2022\/03\/Tyra-1-1024x1024.jpg 1024w, https:\/\/projetcommun.org\/wp-content\/uploads\/2022\/03\/Tyra-1-300x300.jpg 300w, https:\/\/projetcommun.org\/wp-content\/uploads\/2022\/03\/Tyra-1-150x150.jpg 150w, https:\/\/projetcommun.org\/wp-content\/uploads\/2022\/03\/Tyra-1-768x768.jpg 768w, https:\/\/projetcommun.org\/wp-content\/uploads\/2022\/03\/Tyra-1-1536x1536.jpg 1536w\" sizes=\"auto, (max-width: 1024px) 100vw, 1024px\" \/><\/figure>\n\n\n\n<p class=\"has-text-color\" style=\"color:#202020;font-size:27px;letter-spacing:-1px;line-height:1.3\" data-block-type=\"core\"><span style=\"color: #202020;\" class=\"stk-highlight\">Tyra Maria Trono est une artiste filipnx et une travailleuse culturelle bas\u00e9e \u00e0 Tiohti\u00e0:ke\/Montr\u00e9al. Elle d\u00e9tient un baccalaur\u00e9at en photographie de l\u2019Universit\u00e9 Concordia. Son travail explore la formation de sa perception, \u00e9tant affect\u00e9e par le processus d&rsquo;identification culturelle. Elle s&rsquo;int\u00e9resse aussi \u00e0 comment, dans le cadre de cette formation, sa position au sein de la communaut\u00e9 diasporique r\u00e9oriente le chemin de ce processus. Pour plus d&rsquo;informations, visitez son site Web : tyramariatrono.com<\/span><\/p>\n<\/div>\n\n\n\n<div class=\"wp-block-column is-vertically-aligned-top is-layout-flow wp-block-column-is-layout-flow\" style=\"padding-top:0px;padding-right:0px;padding-bottom:0px;padding-left:0px\" data-block-type=\"core\">\n<h2 class=\"wp-block-heading tw-mb-1 tw-mt-1\" style=\"font-size:40px\" data-block-type=\"core\">MORGANE<\/h2>\n\n\n\n<figure class=\"wp-block-image size-full tw-mb-1\" data-block-type=\"core\"><img loading=\"lazy\" decoding=\"async\" width=\"500\" height=\"500\" src=\"https:\/\/projetcommun.org\/wp-content\/uploads\/2022\/03\/Portrait-Morgane.jpeg\" alt=\"\" class=\"wp-image-1433\" style=\"object-fit:cover\" srcset=\"https:\/\/projetcommun.org\/wp-content\/uploads\/2022\/03\/Portrait-Morgane.jpeg 500w, https:\/\/projetcommun.org\/wp-content\/uploads\/2022\/03\/Portrait-Morgane-300x300.jpeg 300w, https:\/\/projetcommun.org\/wp-content\/uploads\/2022\/03\/Portrait-Morgane-150x150.jpeg 150w\" sizes=\"auto, (max-width: 500px) 100vw, 500px\" \/><\/figure>\n\n\n\n<p class=\"has-text-color\" style=\"color:#202020;font-size:27px;letter-spacing:-1px;line-height:1.3\" data-block-type=\"core\"><span style=\"color: #202020;\" class=\"stk-highlight\">Morgane est responsable des communications \u00e0 la Fonderie Darling. Apr\u00e8s avoir obtenu un baccalaur\u00e9at en histoire de l\u2019art \u00e0 l\u2019Universit\u00e9 Concordia, elle a emprunt\u00e9 un parcours professionnel riche qui lui a permis de d\u00e9velopper un int\u00e9r\u00eat pour l\u2019exp\u00e9rience des publics. Elle a travaill\u00e9 en communication \u00e0 la Galerie Trois Points, \u00e9t\u00e9 responsable de l\u2019exp\u00e9rience en apiculture urbaine chez Alv\u00e9ole, puis m\u00e9diatrice culturelle chez SSENSE Montr\u00e9al. Morgane a \u00e9galement contribu\u00e9 \u00e0 divers projets artistiques, dont la Bruno Sport Bar Biennale (2019) et le catalogue de l\u2019exposition <em>Material Trace<\/em> \u00e0 la galerie FOFA (2018).<\/span><\/p>\n<\/div>\n<\/div>\n\n\n\n<div style=\"height:5px\" aria-hidden=\"true\" class=\"wp-block-spacer\" data-block-type=\"core\"><\/div>\n\n\n\n<div class=\"wp-block-columns alignfull tw-gutter-no is-layout-flex wp-container-core-columns-is-layout-d0b3c9c8 wp-block-columns-is-layout-flex\" data-block-type=\"core\">\n<div class=\"wp-block-column is-vertically-aligned-top is-layout-flow wp-block-column-is-layout-flow\" style=\"padding-top:0px;padding-right:15px;padding-bottom:0px;padding-left:0px\" data-block-type=\"core\">\n<h2 class=\"wp-block-heading tw-mb-1 tw-mt-1\" style=\"font-size:40px\" data-block-type=\"core\">NICO<\/h2>\n\n\n\n<figure class=\"wp-block-image size-large tw-mb-1\" data-block-type=\"core\"><img loading=\"lazy\" decoding=\"async\" width=\"1024\" height=\"1024\" src=\"https:\/\/projetcommun.org\/wp-content\/uploads\/2025\/04\/photo_nico-1024x1024.jpg\" alt=\"\" class=\"wp-image-2878\" srcset=\"https:\/\/projetcommun.org\/wp-content\/uploads\/2025\/04\/photo_nico-1024x1024.jpg 1024w, https:\/\/projetcommun.org\/wp-content\/uploads\/2025\/04\/photo_nico-300x300.jpg 300w, https:\/\/projetcommun.org\/wp-content\/uploads\/2025\/04\/photo_nico-150x150.jpg 150w, https:\/\/projetcommun.org\/wp-content\/uploads\/2025\/04\/photo_nico-768x769.jpg 768w, https:\/\/projetcommun.org\/wp-content\/uploads\/2025\/04\/photo_nico-1534x1536.jpg 1534w, https:\/\/projetcommun.org\/wp-content\/uploads\/2025\/04\/photo_nico-12x12.jpg 12w, https:\/\/projetcommun.org\/wp-content\/uploads\/2025\/04\/photo_nico-1568x1570.jpg 1568w\" sizes=\"auto, (max-width: 1024px) 100vw, 1024px\" \/><\/figure>\n\n\n\n<p class=\"has-text-color\" style=\"color:#202020;font-size:27px;letter-spacing:-1px;line-height:1.3\" data-block-type=\"core\"><span style=\"color: #202020;\" class=\"stk-highlight\">Nico est une artiste multidisciplinaire serbo-croate qui \u0153uvre actuellement dans l\u2019illustration et la c\u00e9ramique utilitaire. Elle collabore en tant qu\u2019illustratrice avec diff\u00e9rents studios de design pour d\u00e9velopper des projets depuis maintenant quatre ans et a travaill\u00e9 en tant qu&rsquo;assistante technique dans le studio de c\u00e9ramique Maison B\u00e9langer avant de d\u00e9buter sa pratique personnelle. Nico d\u00e9tient un baccalaur\u00e9at en beaux-arts, profil Design de l\u2019Universit\u00e9 Concordia et effectue actuellement une technique en mus\u00e9ologie au C\u00e9gep Montmorency afin d\u2019assouvir ses int\u00e9r\u00eats pour la conservation et la sc\u00e9nographie d\u2019exposition.<\/span><\/p>\n<\/div>\n\n\n\n<div class=\"wp-block-column is-vertically-aligned-top is-layout-flow wp-block-column-is-layout-flow\" style=\"padding-right:15px\" data-block-type=\"core\">\n<h2 class=\"wp-block-heading tw-mb-1 tw-mt-1\" style=\"font-size:40px;line-height:1\" data-block-type=\"core\">CHARLOTTE<\/h2>\n\n\n\n<figure class=\"wp-block-image size-full tw-mb-1\" data-block-type=\"core\"><img decoding=\"async\" src=\"https:\/\/projetcommun.org\/wp-content\/uploads\/2022\/05\/IMG_1728.jpg\" alt=\"\" class=\"wp-image-1518\" style=\"object-fit:cover\"\/><\/figure>\n\n\n\n<p class=\"has-text-color\" style=\"color:#202020;font-size:27px;letter-spacing:-1px;line-height:1.3\" data-block-type=\"core\"><span style=\"color: #202020;\" class=\"stk-highlight\">Form\u00e9e en Histoire de l&rsquo;art et Histoire et esth\u00e9tique du cin\u00e9ma, Charlotte amorce sa carri\u00e8re professionnelle dans le milieu culturel en Suisse, puis \u00e0 Montr\u00e9al o\u00f9 elle obtient une ma\u00eetrise en mus\u00e9ologie \u00e0 l\u2019Universit\u00e9 du Qu\u00e9bec \u00e0 Montr\u00e9al. Depuis 2018, elle contribue \u00e0 la conception et la production d&rsquo;expositions d&rsquo;envergures, ainsi que d&rsquo;exp\u00e9riences immersives et participatives pour diff\u00e9rents mus\u00e9es qu\u00e9b\u00e9cois. Ind\u00e9pendante depuis 2022, elle \u0153uvre en tant que Mus\u00e9ologue et charg\u00e9e de contenus pour des firmes cr\u00e9atives et des mus\u00e9es.<\/span><\/p>\n<\/div>\n\n\n\n<div class=\"wp-block-column is-vertically-aligned-top is-layout-flow wp-block-column-is-layout-flow\" style=\"padding-top:0px;padding-right:0px;padding-bottom:0px;padding-left:0px\" data-block-type=\"core\">\n<p class=\"has-text-color\" style=\"color:#202020;font-size:27px;line-height:1.3\" data-block-type=\"core\"><\/p>\n\n\n\n<h2 class=\"wp-block-heading tw-mb-1 tw-mt-1\" style=\"font-size:40px;line-height:1\" data-block-type=\"core\"><\/h2>\n<\/div>\n<\/div>\n<\/div><\/div>\n","protected":false},"excerpt":{"rendered":"<p>FONDATRICE SARAH D\u00e9tentrice d\u2019un baccalaur\u00e9at en linguistique et d\u2019une ma\u00eetrise en mus\u00e9ologie, Sarah Turcotte ach\u00e8ve un doctorat en mus\u00e9ologie, m\u00e9diation, patrimoine \u00e0 l\u2019Universit\u00e9 du Qu\u00e9bec \u00e0 Montr\u00e9al (UQAM) qui porte sur l\u2019articulation du r\u00f4le politico-\u00e9conomique des grands mus\u00e9es d\u2019art qu\u00e9b\u00e9cois avec leurs missions scientifique, p\u00e9dagogique et sociale. Ses analyses ont \u00e9t\u00e9 publi\u00e9es dans Museum Management&hellip; <a class=\"more-link\" href=\"https:\/\/projetcommun.org\/fr\/equipe\/\">Continue reading <span class=\"screen-reader-text\">\u00c9quipe<\/span><\/a><\/p>\n","protected":false},"author":2,"featured_media":0,"parent":0,"menu_order":0,"comment_status":"closed","ping_status":"closed","template":"tw-no-title.php","meta":{"footnotes":""},"class_list":["post-121","page","type-page","status-publish","hentry","entry"],"featured_image_urls_v2":{"full":"","thumbnail":"","medium":"","medium_large":"","large":"","1536x1536":"","2048x2048":"","trp-custom-language-flag":"","post-thumbnail":""},"post_excerpt_stackable_v2":"<p>FONDATRICE SARAH D\u00e9tentrice d\u2019un baccalaur\u00e9at en linguistique et d\u2019une ma\u00eetrise en mus\u00e9ologie, Sarah Turcotte ach\u00e8ve un doctorat en mus\u00e9ologie, m\u00e9diation, patrimoine \u00e0 l\u2019Universit\u00e9 du Qu\u00e9bec \u00e0 Montr\u00e9al (UQAM) qui porte sur l\u2019articulation du r\u00f4le politico-\u00e9conomique des grands mus\u00e9es d\u2019art qu\u00e9b\u00e9cois avec leurs missions scientifique, p\u00e9dagogique et sociale. Ses analyses ont \u00e9t\u00e9 publi\u00e9es dans Museum Management and Curatorship (2025), Digital studies\/Le champ num\u00e9rique (2022, 2024) et Revue Animation, Territoires et Pratiques Socioculturelles (2022, 2023). En plus d\u2019avoir dirig\u00e9 l\u2019ouvrage L\u2019essor des contre-mus\u00e9ologies (2025), paru dans la collection Sociomus\u00e9ologie &amp; Sociomuseology de l\u2019Universit\u00e9 Lusophone au Portugal, elle a communiqu\u00e9 ses travaux lors&hellip;<\/p>\n","category_list_v2":"","author_info_v2":{"name":"Sarah Turcotte","url":"https:\/\/projetcommun.org\/fr\/author\/projetcommun\/"},"comments_num_v2":"0 comments","_links":{"self":[{"href":"https:\/\/projetcommun.org\/fr\/wp-json\/wp\/v2\/pages\/121","targetHints":{"allow":["GET"]}}],"collection":[{"href":"https:\/\/projetcommun.org\/fr\/wp-json\/wp\/v2\/pages"}],"about":[{"href":"https:\/\/projetcommun.org\/fr\/wp-json\/wp\/v2\/types\/page"}],"author":[{"embeddable":true,"href":"https:\/\/projetcommun.org\/fr\/wp-json\/wp\/v2\/users\/2"}],"replies":[{"embeddable":true,"href":"https:\/\/projetcommun.org\/fr\/wp-json\/wp\/v2\/comments?post=121"}],"version-history":[{"count":37,"href":"https:\/\/projetcommun.org\/fr\/wp-json\/wp\/v2\/pages\/121\/revisions"}],"predecessor-version":[{"id":3141,"href":"https:\/\/projetcommun.org\/fr\/wp-json\/wp\/v2\/pages\/121\/revisions\/3141"}],"wp:attachment":[{"href":"https:\/\/projetcommun.org\/fr\/wp-json\/wp\/v2\/media?parent=121"}],"curies":[{"name":"wp","href":"https:\/\/api.w.org\/{rel}","templated":true}]}}