{"id":50,"date":"2021-06-20T16:37:35","date_gmt":"2021-06-20T20:37:35","guid":{"rendered":"https:\/\/projetcommun.org\/?page_id=50"},"modified":"2026-03-28T12:15:09","modified_gmt":"2026-03-28T16:15:09","slug":"a-propos","status":"publish","type":"page","link":"https:\/\/projetcommun.org\/fr\/a-propos\/","title":{"rendered":"\u00c0 propos"},"content":{"rendered":"\n<div class=\"wp-block-columns alignfull tw-mb-0 tw-mt-0 is-style-default tw-gutter-no is-layout-flex wp-container-core-columns-is-layout-6c3a7f47 wp-block-columns-is-layout-flex\" style=\"border-style:none;border-width:0px;border-radius:0px;padding-top:0px;padding-right:0px;padding-bottom:0px;padding-left:0px\" data-block-type=\"core\">\n<div class=\"wp-block-column is-vertically-aligned-top tw-mb-0 tw-mt-0 is-layout-flow wp-block-column-is-layout-flow\" style=\"padding-right:0px\" data-block-type=\"core\">\n<div class=\"wp-block-columns alignfull tw-mb-0 tw-mt-0 is-style-default tw-gutter-no is-layout-flex wp-container-core-columns-is-layout-6c3a7f47 wp-block-columns-is-layout-flex\" style=\"border-style:none;border-width:0px;border-radius:1px;padding-top:0px;padding-right:0px;padding-bottom:0px;padding-left:0px\" data-block-type=\"core\">\n<div class=\"wp-block-column is-vertically-aligned-top tw-mb-0 tw-mt-0 is-layout-flow wp-block-column-is-layout-flow\" style=\"padding-right:0px\" data-block-type=\"core\"><div class=\"wp-block-image tw-mb-0 tw-mt-0\">\n<figure class=\"alignleft size-full is-resized\" data-block-type=\"core\"><img loading=\"lazy\" decoding=\"async\" width=\"920\" height=\"362\" src=\"https:\/\/projetcommun.org\/wp-content\/uploads\/2026\/03\/Logo-PC.png\" alt=\"\" class=\"wp-image-3170\" style=\"width:400px\" srcset=\"https:\/\/projetcommun.org\/wp-content\/uploads\/2026\/03\/Logo-PC.png 920w, https:\/\/projetcommun.org\/wp-content\/uploads\/2026\/03\/Logo-PC-300x118.png 300w, https:\/\/projetcommun.org\/wp-content\/uploads\/2026\/03\/Logo-PC-768x302.png 768w, https:\/\/projetcommun.org\/wp-content\/uploads\/2026\/03\/Logo-PC-18x7.png 18w\" sizes=\"auto, (max-width: 920px) 100vw, 920px\" \/><\/figure>\n<\/div>\n\n\n<h2 class=\"wp-block-heading tw-mt-0 tw-mb-0\" style=\"font-size:27px;letter-spacing:-1px;line-height:1.3\" data-block-type=\"core\"><br><span style=\"color: #202020;\" class=\"stk-highlight\">Fond\u00e9 en 2021 par Sarah Turcotte, Projet commun est un organisme culturel \u00e0 but non lucratif qui d\u00e9veloppe des propositions artistiques et con\u00e7oit des expositions \u00e0 partir d\u2019une approche collaborative exp\u00e9rimentale. Des cohortes de travail sont form\u00e9es, r\u00e9unissant des artistes et des commissaires de la rel\u00e8ve ainsi que des membres du public, afin de r\u00e9aliser des \u00ab\u00a0projets communs\u00a0\u00bb. Tandis que la diversit\u00e9 des perspectives int\u00e9gr\u00e9e \u00e0 chacune des cohortes enrichit les r\u00e9flexions men\u00e9es au sein de l&rsquo;organisme, la cr\u00e9ation de partenariats avec des \u00e9quipes externes et des lieux de diffusion vari\u00e9s permet aux projets de prendre vie dans l\u2019espace public et dans de nouveaux contextes. Les \u00e9changes se poursuivent ainsi dans un cercle \u00e9largi et, peu \u00e0 peu, une communaut\u00e9 se construit.<br><br>\u00c0 ce jour, Projet commun a mis en place plusieurs collaborations et partenariats. Gr\u00e2ce au pr\u00e9cieux soutien de l\u2019Observatoire des m\u00e9diations culturelles (OMEC), du Groupe de recherche sur l\u2019\u00e9ducation et les mus\u00e9es (GREM), de l\u2019Institut du patrimoine (IP), de l\u2019Association facultaire \u00e9tudiante des arts de l\u2019Universit\u00e9 du Qu\u00e9bec \u00e0 Montr\u00e9al (AF\u00c9A), du Conseil des arts de Montr\u00e9al (CAM) et de Marilou Bourdon (Trois fois par jour), des r\u00e9alisations majeures ont pu \u00eatre produites et diffus\u00e9es publiquement (expositions, performances, conf\u00e9rences, publications, discussions publiques, productions vid\u00e9ographiques, kiosques dans des march\u00e9s et foires).\u00a0<\/span><\/h2>\n\n\n\n<div style=\"height:50px\" aria-hidden=\"true\" class=\"wp-block-spacer\" data-block-type=\"core\"><\/div>\n<\/div>\n<\/div>\n<\/div>\n<\/div>\n\n\n\n<div class=\"wp-block-columns alignfull is-style-default tw-gutter-no is-layout-flex wp-container-core-columns-is-layout-d0b3c9c8 wp-block-columns-is-layout-flex\" data-block-type=\"core\">\n<div class=\"wp-block-column is-layout-flow wp-block-column-is-layout-flow\" data-block-type=\"core\">\n<h1 class=\"wp-block-heading tw-mb-1 tw-mt-0\" style=\"font-size:60px;line-height:1\" data-block-type=\"core\">MISSION<\/h1>\n\n\n\n<div style=\"height:20px\" aria-hidden=\"true\" class=\"wp-block-spacer\" data-block-type=\"core\"><\/div>\n<\/div>\n<\/div>\n\n\n\n<div class=\"wp-block-columns alignfull is-style-default tw-gutter-no is-layout-flex wp-container-core-columns-is-layout-6c3a7f47 wp-block-columns-is-layout-flex\" style=\"padding-top:0px;padding-right:0px;padding-bottom:0px;padding-left:0px\" data-block-type=\"core\">\n<div class=\"wp-block-column is-layout-flow wp-block-column-is-layout-flow\" style=\"--col-width:;padding-right:15px;padding-bottom:0px;padding-left:0px\" data-block-type=\"core\">\n<p style=\"font-size:27px;letter-spacing:-1px;line-height:1.3\" data-block-type=\"core\"><span style=\"color: #202020;\" class=\"ugb-highlight\">Concevoir des expositions et d\u00e9velopper des propositions culturelles \u00e0 partir d\u2019une approche collaborative exp\u00e9rimentale qui met de l\u2019avant la rencontre entre une diversit\u00e9 de commissaires, d\u2019artistes, de publics et d\u2019environnements.<\/span><\/p>\n\n\n\n<p data-block-type=\"core\"><\/p>\n<\/div>\n\n\n\n<div class=\"wp-block-column is-layout-flow wp-block-column-is-layout-flow\" style=\"--col-width:;padding-top:0px;padding-right:15px;padding-bottom:0px;padding-left:0px\" data-block-type=\"core\">\n<p style=\"font-size:27px;letter-spacing:-1px;line-height:1.3\" data-block-type=\"core\"><span style=\"color: #202020;\" class=\"ugb-highlight\">Reconna\u00eetre, soutenir et valoriser les comp\u00e9tences ainsi que le travail d\u2019artistes et de commissaires \u00e9mergentes et \u00e9mergents en plus d\u2019int\u00e9grer la voix des publics dans chacune des productions.<\/span><\/p>\n\n\n\n<p data-block-type=\"core\"><\/p>\n<\/div>\n\n\n\n<div class=\"wp-block-column is-layout-flow wp-block-column-is-layout-flow\" style=\"--col-width:;padding-left:0px\" data-block-type=\"core\">\n<p style=\"font-size:27px;letter-spacing:-1px;line-height:1.3\" data-block-type=\"core\"><span style=\"color: #202020;\" class=\"ugb-highlight\">Cr\u00e9er et consolider des liens entre les individus et les espaces qui forment la communaut\u00e9 artistique et culturelle du Qu\u00e9bec.<\/span><\/p>\n<\/div>\n<\/div>\n\n\n\n<div class=\"wp-block-columns alignfull is-style-default tw-gutter-no is-layout-flex wp-container-core-columns-is-layout-d0b3c9c8 wp-block-columns-is-layout-flex\" data-block-type=\"core\">\n<div class=\"wp-block-column is-layout-flow wp-block-column-is-layout-flow\" data-block-type=\"core\">\n<h1 class=\"wp-block-heading tw-mb-1 tw-mt-9\" style=\"font-size:60px;line-height:1\" data-block-type=\"core\">HISTOIRE ET VISION<\/h1>\n\n\n\n<div style=\"height:20px\" aria-hidden=\"true\" class=\"wp-block-spacer\" data-block-type=\"core\"><\/div>\n<\/div>\n<\/div>\n\n\n\n<div class=\"wp-block-columns alignfull is-style-default tw-gutter-no is-layout-flex wp-container-core-columns-is-layout-6c3a7f47 wp-block-columns-is-layout-flex\" style=\"padding-top:0px;padding-right:0px;padding-bottom:0px;padding-left:0px\" data-block-type=\"core\">\n<div class=\"wp-block-column tw-mt-0 is-layout-flow wp-block-column-is-layout-flow\" style=\"padding-top:0px;padding-right:15px;padding-bottom:0px;padding-left:0px\" data-block-type=\"core\">\n<p style=\"font-size:27px;letter-spacing:-1px;line-height:1.3\" data-block-type=\"core\"><meta charset=\"utf-8\"><\/meta><span style=\"color: #202020;\" class=\"ugb-highlight\"><span style=\"color: #202020;\" class=\"ugb-highlight\">Sarah a cr\u00e9\u00e9 Projet commun dans le but d\u2019exp\u00e9rimenter de nouvelles m\u00e9thodes pour d\u00e9velopper des contenus culturels et produire des expositions \u00e0 l\u2019\u00e8re des technologies de communication, de l&rsquo;accessibilit\u00e9 des espaces publics et des limites impos\u00e9es par les march\u00e9s concurrentiels. Pr\u00e9occup\u00e9e par la d\u00e9mocratisation des arts, elle s\u2019int\u00e9resse aux approches collaboratives et aux processus inclusifs. Avec les membres du comit\u00e9 de programmation, elle m\u00e8ne une r\u00e9flexion sur les modes de fonctionnement les plus \u00e9quitables et efficaces pour formuler et pr\u00e9senter des propositions culturelles de qualit\u00e9 en plus de susciter des rencontres \u00e0 la fois invraisemblables et riches entre des artistes, des commissaires, des publics et des environnements vari\u00e9s. Projet commun est donc envisag\u00e9 tel un dispositif exp\u00e9rimental, ouvert et \u00e9volutif qui souhaite non seulement participer au rayonnement de pratiques d\u00e9mocratiques, mais aussi \u00e0 la valorisation de travaux artistiques ancr\u00e9s dans une d\u00e9marche r\u00e9fl\u00e9chie.\u00a0<\/span><\/span><\/p>\n\n\n\n<p data-block-type=\"core\"><\/p>\n<\/div>\n\n\n\n<div class=\"wp-block-column is-layout-flow wp-block-column-is-layout-flow\" style=\"padding-left:0px\" data-block-type=\"core\">\n<p style=\"font-size:27px;letter-spacing:-1px;line-height:1.3\" data-block-type=\"core\"><meta charset=\"utf-8\"><span style=\"color: #202020;\" class=\"ugb-highlight\">Il est important de souligner que les activit\u00e9s de l\u2019organisme Projet commun se d\u00e9roulent principalement \u00e0 Tiohti\u00e0:ke \/ Montr\u00e9al, un territoire ancestral qui a longtemps servi de lieu de vie, de rencontres et d\u2019\u00e9changes entre les peuples autochtones, notamment la nation Kanien\u2019keh\u00e1:ka. Nous honorons, respectons et reconnaissons ces nations qui n\u2019ont jamais c\u00e9d\u00e9 leurs droits ni leur autorit\u00e9 souveraine sur les terres et les eaux o\u00f9 Projet commun a \u00e9t\u00e9 fond\u00e9 et continue d\u2019\u00e9voluer.<\/span><\/p>\n\n\n\n<p data-block-type=\"core\"><\/p>\n<\/div>\n<\/div>\n","protected":false},"excerpt":{"rendered":"<p>Fond\u00e9 en 2021 par Sarah Turcotte, Projet commun est un organisme culturel \u00e0 but non lucratif qui d\u00e9veloppe des propositions artistiques et con\u00e7oit des expositions \u00e0 partir d\u2019une approche collaborative exp\u00e9rimentale. Des cohortes de travail sont form\u00e9es, r\u00e9unissant des artistes et des commissaires de la rel\u00e8ve ainsi que des membres du public, afin de r\u00e9aliser&hellip; <a class=\"more-link\" href=\"https:\/\/projetcommun.org\/fr\/a-propos\/\">Continue reading <span class=\"screen-reader-text\">\u00c0 propos<\/span><\/a><\/p>\n","protected":false},"author":2,"featured_media":0,"parent":0,"menu_order":0,"comment_status":"closed","ping_status":"closed","template":"tw-no-title.php","meta":{"footnotes":""},"class_list":["post-50","page","type-page","status-publish","hentry","entry"],"featured_image_urls_v2":{"full":"","thumbnail":"","medium":"","medium_large":"","large":"","1536x1536":"","2048x2048":"","trp-custom-language-flag":"","post-thumbnail":""},"post_excerpt_stackable_v2":"<p>Fond\u00e9 en 2021 par Sarah Turcotte, Projet commun est un organisme culturel \u00e0 but non lucratif qui d\u00e9veloppe des propositions artistiques et con\u00e7oit des expositions \u00e0 partir d\u2019une approche collaborative exp\u00e9rimentale. Des cohortes de travail sont form\u00e9es, r\u00e9unissant des artistes et des commissaires de la rel\u00e8ve ainsi que des membres du public, afin de r\u00e9aliser des \u00ab\u00a0projets communs\u00a0\u00bb. Tandis que la diversit\u00e9 des perspectives int\u00e9gr\u00e9e \u00e0 chacune des cohortes enrichit les r\u00e9flexions men\u00e9es au sein de l&rsquo;organisme, la cr\u00e9ation de partenariats avec des \u00e9quipes externes et des lieux de diffusion vari\u00e9s permet aux projets de prendre vie dans l\u2019espace public&hellip;<\/p>\n","category_list_v2":"","author_info_v2":{"name":"Sarah Turcotte","url":"https:\/\/projetcommun.org\/fr\/author\/projetcommun\/"},"comments_num_v2":"0 comments","_links":{"self":[{"href":"https:\/\/projetcommun.org\/fr\/wp-json\/wp\/v2\/pages\/50","targetHints":{"allow":["GET"]}}],"collection":[{"href":"https:\/\/projetcommun.org\/fr\/wp-json\/wp\/v2\/pages"}],"about":[{"href":"https:\/\/projetcommun.org\/fr\/wp-json\/wp\/v2\/types\/page"}],"author":[{"embeddable":true,"href":"https:\/\/projetcommun.org\/fr\/wp-json\/wp\/v2\/users\/2"}],"replies":[{"embeddable":true,"href":"https:\/\/projetcommun.org\/fr\/wp-json\/wp\/v2\/comments?post=50"}],"version-history":[{"count":22,"href":"https:\/\/projetcommun.org\/fr\/wp-json\/wp\/v2\/pages\/50\/revisions"}],"predecessor-version":[{"id":3179,"href":"https:\/\/projetcommun.org\/fr\/wp-json\/wp\/v2\/pages\/50\/revisions\/3179"}],"wp:attachment":[{"href":"https:\/\/projetcommun.org\/fr\/wp-json\/wp\/v2\/media?parent=50"}],"curies":[{"name":"wp","href":"https:\/\/api.w.org\/{rel}","templated":true}]}}